{"id":127,"date":"2022-06-21T18:24:08","date_gmt":"2022-06-21T18:24:08","guid":{"rendered":"https:\/\/avantcatedrainteruniversitaria.blogs.upv.es\/?page_id=127"},"modified":"2026-01-28T22:58:27","modified_gmt":"2026-01-28T21:58:27","slug":"quienes-somos","status":"publish","type":"page","link":"https:\/\/avantcatedrainteruniversitaria.blogs.upv.es\/index.php\/quienes-somos\/","title":{"rendered":"\u00bfQui\u00e9nes somos?"},"content":{"rendered":"<div id=\"pl-127\"  class=\"panel-layout\" ><div id=\"pg-127-0\"  class=\"panel-grid panel-no-style\" ><div id=\"pgc-127-0-0\"  class=\"panel-grid-cell\" ><div id=\"panel-127-0-0-0\" class=\"so-panel widget widget_sow-headline panel-first-child\" data-index=\"0\" ><div\n\t\t\t\n\t\t\tclass=\"so-widget-sow-headline so-widget-sow-headline-default-68a7c2a0e991-127\"\n\t\t\t\n\t\t><div class=\"sow-headline-container \">\n\t\t\t\t\t\t\t<h2 class=\"sow-headline\">\n\t\t\t\t\t\tEntidades patrocinadoras\t\t\t\t\t\t<\/h2>\n\t\t\t\t\t\t\t\t\t\t\t<div class=\"decoration\">\n\t\t\t\t\t\t<div class=\"decoration-inside\"><\/div>\n\t\t\t\t\t<\/div>\n\t\t\t\t\t<\/div>\n<\/div><\/div><div id=\"panel-127-0-0-1\" class=\"so-panel widget widget_sow-features panel-last-child\" data-index=\"1\" ><div class=\"panel-widget-style panel-widget-style-for-127-0-0-1\" ><div\n\t\t\t\n\t\t\tclass=\"so-widget-sow-features so-widget-sow-features-default-6a6f57464309-127\"\n\t\t\t\n\t\t><ul\n\tclass=\"sow-features-list\n\tsow-features-responsive\">\n\n\t\t\t<li\n\t\t\tclass=\"sow-features-feature sow-icon-container-position-top\"\n\t\t\tstyle=\"display: flex; flex-direction: column; width: calc(100% - 25px);\"\n\t\t>\n\t\t\t\n\t\t\t\t\t\t\t<div class=\"sow-features-feature-right-left-container\" style=\"display: flex; flex-direction: inherit;\">\n\t\t\t\t\t\t\t<div\t\t\t\tclass=\"sow-icon-container sow-container-round\"\n\t\t\t\tstyle=\"color: #ffffff; \"\n\t\t\t\t\n\t\t\t\t\t\t\t>\n\t\t\t\t<span class=\"sow-icon-elegantline\" data-sow-icon=\"&#xe040;\"\n\t\tstyle=\"font-size: 48px; color: #000000\" \n\t\taria-hidden=\"true\"><\/span>\t\t\t<\/div>\n\n\t\t\t<div class=\"textwidget\">\n\t\t\t\t\t\t\t\t\t<div class=\"sow-features-feature-content\">\n\t\t\t\t\n\t\t\t\t\t\t\t\t\t<h5 class=\"sow-features-feature-title\">\n\t\t\t\t\t\tJos\u00e9 Antonio Redorat Fresquet\t\t\t\t\t<\/h5>\n\t\t\t\t\n\t\t\t\t\t\t\t\t\t<div class=\"sow-features-feature-text\">\n\t\t\t\t\t<h4>Director general d'Administraci\u00f3 Local<\/h4>\n<p><img loading=\"lazy\" decoding=\"async\" class=\"aligncenter\" src=\"https:\/\/avant.gva.es\/documents\/173292247\/173293723\/AVANT+logo\/31e8c5e6-7358-44a6-8ea9-09ea0fbbd71e?t=1721042746442\" alt=\"Logo AVANT\" width=\"287\" height=\"128\" \/><\/p>\n\t\t\t\t\t<\/div>\n\t\t\t\t\t\t\t\t\t\t<\/div>\n\t\t\t\t\t<p class=\"sow-more-text\">\n\t\t\t\t\t\t<a href=\"https:\/\/avant.gva.es\/es\/saluda-director-general\" >\t\t\t\t\t\t+ informaci\u00f3n\t\t\t\t\t\t<\/a>\t\t\t\t\t<\/p>\n\t\t\t\t\t\t\t<\/div>\n\t\t\t\t\t\t\t<\/div>\n\t\t\t\t\t\t\t\t<\/li>\n\n\t<\/ul>\n<\/div><\/div><\/div><\/div><\/div><div id=\"pg-127-1\"  class=\"panel-grid panel-has-style\" ><div class=\"panel-row-style panel-row-style-for-127-1\" ><div id=\"pgc-127-1-0\"  class=\"panel-grid-cell\" ><div id=\"panel-127-1-0-0\" class=\"so-panel widget widget_sow-headline panel-first-child panel-last-child\" data-index=\"2\" ><div\n\t\t\t\n\t\t\tclass=\"so-widget-sow-headline so-widget-sow-headline-default-88fc08330080-127 so-widget-fittext-wrapper\"\n\t\t\t data-fit-text-compressor=\"0.85\"\n\t\t><div class=\"sow-headline-container \">\n\t\t\t\t\t\t\t<h2 class=\"sow-headline\">\n\t\t\t\t\t\tInstituciones Acad\u00e9micas que componen la C\u00e1tedra AVANT\t\t\t\t\t\t<\/h2>\n\t\t\t\t\t\t\t\t\t\t\t<div class=\"decoration\">\n\t\t\t\t\t\t<div class=\"decoration-inside\"><\/div>\n\t\t\t\t\t<\/div>\n\t\t\t\t\t<\/div>\n<\/div><\/div><\/div><\/div><\/div><div id=\"pg-127-2\"  class=\"panel-grid panel-no-style\" ><div id=\"pgc-127-2-0\"  class=\"panel-grid-cell\" ><div id=\"panel-127-2-0-0\" class=\"so-panel widget widget_sow-features panel-first-child panel-last-child\" data-index=\"3\" ><div class=\"panel-widget-style panel-widget-style-for-127-2-0-0\" ><div\n\t\t\t\n\t\t\tclass=\"so-widget-sow-features so-widget-sow-features-default-751bfc0d5865-127\"\n\t\t\t\n\t\t><ul\n\tclass=\"sow-features-list\n\tsow-features-responsive\">\n\n\t\t\t<li\n\t\t\tclass=\"sow-features-feature sow-icon-container-position-top\"\n\t\t\tstyle=\"display: flex; flex-direction: column; width: calc(50% - 25px);\"\n\t\t>\n\t\t\t\n\t\t\t\t\t\t\t<div class=\"sow-features-feature-right-left-container\" style=\"display: flex; flex-direction: inherit;\">\n\t\t\t\t\t\t\t<div\t\t\t\tclass=\"sow-icon-container sow-container-round\"\n\t\t\t\tstyle=\"color: #ffffff; \"\n\t\t\t\t\n\t\t\t\t\t\t\t>\n\t\t\t\t<span class=\"sow-icon-elegantline\" data-sow-icon=\"&#xe040;\"\n\t\tstyle=\"font-size: 48px; color: #000000\" \n\t\taria-hidden=\"true\"><\/span>\t\t\t<\/div>\n\n\t\t\t<div class=\"textwidget\">\n\t\t\t\t\t\t\t\t\t<div class=\"sow-features-feature-content\">\n\t\t\t\t\n\t\t\t\t\t\t\t\t\t<h5 class=\"sow-features-feature-title\">\n\t\t\t\t\t\tJorge Hermosilla Pla y Emilio Barba Campos\t\t\t\t\t<\/h5>\n\t\t\t\t\n\t\t\t\t\t\t\t\t\t<div class=\"sow-features-feature-text\">\n\t\t\t\t\t<p><img loading=\"lazy\" decoding=\"async\" class=\"aligncenter wp-image-765\" src=\"https:\/\/avantcatedrainteruniversitaria.blogs.upv.es\/wp-content\/uploads\/2026\/01\/UV-300x82.jpg\" alt=\"\" width=\"209\" height=\"57\" srcset=\"https:\/\/avantcatedrainteruniversitaria.blogs.upv.es\/wp-content\/uploads\/2026\/01\/UV-300x82.jpg 300w, https:\/\/avantcatedrainteruniversitaria.blogs.upv.es\/wp-content\/uploads\/2026\/01\/UV-768x210.jpg 768w, https:\/\/avantcatedrainteruniversitaria.blogs.upv.es\/wp-content\/uploads\/2026\/01\/UV-930x258.jpg 930w, https:\/\/avantcatedrainteruniversitaria.blogs.upv.es\/wp-content\/uploads\/2026\/01\/UV.jpg 945w\" sizes=\"auto, (max-width: 209px) 100vw, 209px\" \/><\/p>\n\t\t\t\t\t<\/div>\n\t\t\t\t\t\t\t\t\t\t<\/div>\n\t\t\t\t\t<p class=\"sow-more-text\">\n\t\t\t\t\t\t<a href=\"https:\/\/www.uv.es\/uvweb\/catedras-institucionales\/es\/relacion-catedras-institucionales\/catedra-avant\/presentacion-1286082811156.html\" >\t\t\t\t\t\t+ informaci\u00f3n\t\t\t\t\t\t<\/a>\t\t\t\t\t<\/p>\n\t\t\t\t\t\t\t<\/div>\n\t\t\t\t\t\t\t<\/div>\n\t\t\t\t\t\t\t\t<\/li>\n\n\t\t\t<li\n\t\t\tclass=\"sow-features-feature sow-icon-container-position-top\"\n\t\t\tstyle=\"display: flex; flex-direction: column; width: calc(50% - 25px);\"\n\t\t>\n\t\t\t\n\t\t\t\t\t\t\t<div class=\"sow-features-feature-right-left-container\" style=\"display: flex; flex-direction: inherit;\">\n\t\t\t\t\t\t\t<div\t\t\t\tclass=\"sow-icon-container sow-container-round\"\n\t\t\t\tstyle=\"color: #ffffff; \"\n\t\t\t\t\n\t\t\t\t\t\t\t>\n\t\t\t\t<span class=\"sow-icon-elegantline\" data-sow-icon=\"&#xe041;\"\n\t\tstyle=\"font-size: 48px; color: #000000\" \n\t\taria-hidden=\"true\"><\/span>\t\t\t<\/div>\n\n\t\t\t<div class=\"textwidget\">\n\t\t\t\t\t\t\t\t\t<div class=\"sow-features-feature-content\">\n\t\t\t\t\n\t\t\t\t\t\t\t\t\t<h5 class=\"sow-features-feature-title\">\n\t\t\t\t\t\tConsuelo Calafat Marzal\t\t\t\t\t<\/h5>\n\t\t\t\t\n\t\t\t\t\t\t\t\t\t<div class=\"sow-features-feature-text\">\n\t\t\t\t\t<p><img loading=\"lazy\" decoding=\"async\" class=\"aligncenter wp-image-148\" src=\"http:\/\/avantcatedrainteruniversitaria.blogs.upv.es\/files\/2022\/06\/marca_UPV_principal_negro300-300x106.png\" alt=\"\" width=\"209\" height=\"74\" srcset=\"https:\/\/avantcatedrainteruniversitaria.blogs.upv.es\/wp-content\/uploads\/2022\/06\/marca_UPV_principal_negro300-300x106.png 300w, https:\/\/avantcatedrainteruniversitaria.blogs.upv.es\/wp-content\/uploads\/2022\/06\/marca_UPV_principal_negro300-1024x362.png 1024w, https:\/\/avantcatedrainteruniversitaria.blogs.upv.es\/wp-content\/uploads\/2022\/06\/marca_UPV_principal_negro300-768x271.png 768w, https:\/\/avantcatedrainteruniversitaria.blogs.upv.es\/wp-content\/uploads\/2022\/06\/marca_UPV_principal_negro300-1536x543.png 1536w, https:\/\/avantcatedrainteruniversitaria.blogs.upv.es\/wp-content\/uploads\/2022\/06\/marca_UPV_principal_negro300.png 1607w\" sizes=\"auto, (max-width: 209px) 100vw, 209px\" \/><\/p>\n\t\t\t\t\t<\/div>\n\t\t\t\t\t\t\t\t\t\t<\/div>\n\t\t\t\t\t<p class=\"sow-more-text\">\n\t\t\t\t\t\t<a href=\"https:\/\/www.upv.es\/contenidos\/CATAVANT\/\" >\t\t\t\t\t\t+ informaci\u00f3n \t\t\t\t\t\t<\/a>\t\t\t\t\t<\/p>\n\t\t\t\t\t\t\t<\/div>\n\t\t\t\t\t\t\t<\/div>\n\t\t\t\t\t\t\t\t<\/li>\n\n\t<\/ul>\n<\/div><\/div><\/div><\/div><div id=\"pgc-127-2-1\"  class=\"panel-grid-cell\" ><div id=\"panel-127-2-1-0\" class=\"so-panel widget widget_sow-features panel-first-child panel-last-child\" data-index=\"4\" ><div class=\"panel-widget-style panel-widget-style-for-127-2-1-0\" ><div\n\t\t\t\n\t\t\tclass=\"so-widget-sow-features so-widget-sow-features-default-002d1cc8af89-127\"\n\t\t\t\n\t\t><ul\n\tclass=\"sow-features-list\n\tsow-features-responsive\">\n\n\t\t\t<li\n\t\t\tclass=\"sow-features-feature sow-icon-container-position-top\"\n\t\t\tstyle=\"display: flex; flex-direction: column; width: calc(100% - 25px);\"\n\t\t>\n\t\t\t\n\t\t\t\t\t\t\t<div class=\"sow-features-feature-right-left-container\" style=\"display: flex; flex-direction: inherit;\">\n\t\t\t\t\t\t\t<div\t\t\t\tclass=\"sow-icon-container sow-container-round\"\n\t\t\t\tstyle=\"color: #ffffff; \"\n\t\t\t\ttitle=\" Coordinadora de la C\u00e0tedra AVANT\"\n\t\t\t\t\t\t\t>\n\t\t\t\t<span class=\"sow-icon-elegantline\" data-sow-icon=\"&#xe041;\"\n\t\tstyle=\"font-size: 48px; color: #000000\" \n\t\taria-hidden=\"true\"><\/span>\t\t\t<\/div>\n\n\t\t\t<div class=\"textwidget\">\n\t\t\t\t\t\t\t\t\t<div class=\"sow-features-feature-content\">\n\t\t\t\t\n\t\t\t\t\t\t\t\t\t<h5 class=\"sow-features-feature-title\">\n\t\t\t\t\t\tLuisa Alam\u00e1 Sabater -  Coordinadora de la C\u00e0tedra AVANT\t\t\t\t\t<\/h5>\n\t\t\t\t\n\t\t\t\t\t\t\t\t\t<div class=\"sow-features-feature-text\">\n\t\t\t\t\t<p><img loading=\"lazy\" decoding=\"async\" class=\"aligncenter wp-image-766\" src=\"https:\/\/avantcatedrainteruniversitaria.blogs.upv.es\/wp-content\/uploads\/2026\/01\/UJI.png\" alt=\"\" width=\"209\" height=\"40\" \/><\/p>\n\t\t\t\t\t<\/div>\n\t\t\t\t\t\t\t\t\t\t<\/div>\n\t\t\t\t\t<p class=\"sow-more-text\">\n\t\t\t\t\t\t<a href=\"https:\/\/www.uji.es\/institucional\/estrategia\/plans\/comunicacio\/patrocini-mecenatge\/comcolaborar\/catedres\/base\/catedres\/catedra_avant\/\" >\t\t\t\t\t\t+ informaci\u00f3n\t\t\t\t\t\t<\/a>\t\t\t\t\t<\/p>\n\t\t\t\t\t\t\t<\/div>\n\t\t\t\t\t\t\t<\/div>\n\t\t\t\t\t\t\t\t<\/li>\n\n\t<\/ul>\n<\/div><\/div><\/div><\/div><div id=\"pgc-127-2-2\"  class=\"panel-grid-cell\" ><div id=\"panel-127-2-2-0\" class=\"so-panel widget widget_sow-features panel-first-child panel-last-child\" data-index=\"5\" ><div class=\"panel-widget-style panel-widget-style-for-127-2-2-0\" ><div\n\t\t\t\n\t\t\tclass=\"so-widget-sow-features so-widget-sow-features-default-54c51c4f8439-127\"\n\t\t\t\n\t\t><ul\n\tclass=\"sow-features-list\n\tsow-features-responsive\">\n\n\t\t\t<li\n\t\t\tclass=\"sow-features-feature sow-icon-container-position-top\"\n\t\t\tstyle=\"display: flex; flex-direction: column; width: calc(50% - 25px);\"\n\t\t>\n\t\t\t\n\t\t\t\t\t\t\t<div class=\"sow-features-feature-right-left-container\" style=\"display: flex; flex-direction: inherit;\">\n\t\t\t\t\t\t\t<div\t\t\t\tclass=\"sow-icon-container sow-container-round\"\n\t\t\t\tstyle=\"color: #ffffff; \"\n\t\t\t\t\n\t\t\t\t\t\t\t>\n\t\t\t\t<span class=\"sow-icon-elegantline\" data-sow-icon=\"&#xe041;\"\n\t\tstyle=\"font-size: 48px; color: #000000\" \n\t\taria-hidden=\"true\"><\/span>\t\t\t<\/div>\n\n\t\t\t<div class=\"textwidget\">\n\t\t\t\t\t\t\t\t\t<div class=\"sow-features-feature-content\">\n\t\t\t\t\n\t\t\t\t\t\t\t\t\t<h5 class=\"sow-features-feature-title\">\n\t\t\t\t\t\tMargarita Brugarolas Molla-Bauza\t\t\t\t\t<\/h5>\n\t\t\t\t\n\t\t\t\t\t\t\t\t\t<div class=\"sow-features-feature-text\">\n\t\t\t\t\t<p><img loading=\"lazy\" decoding=\"async\" class=\"aligncenter wp-image-913\" src=\"https:\/\/avantcatedrainteruniversitaria.blogs.upv.es\/wp-content\/uploads\/2026\/01\/umh3-300x109.png\" alt=\"\" width=\"210\" height=\"76\" srcset=\"https:\/\/avantcatedrainteruniversitaria.blogs.upv.es\/wp-content\/uploads\/2026\/01\/umh3-300x109.png 300w, https:\/\/avantcatedrainteruniversitaria.blogs.upv.es\/wp-content\/uploads\/2026\/01\/umh3.png 373w\" sizes=\"auto, (max-width: 210px) 100vw, 210px\" \/><\/p>\n\t\t\t\t\t<\/div>\n\t\t\t\t\t\t\t\t\t\t<\/div>\n\t\t\t\t\t<p class=\"sow-more-text\">\n\t\t\t\t\t\t<a href=\"https:\/\/www.umh.es\/contenido\/Investigacion\/:uor_13312\/datos_es.html\" >\t\t\t\t\t\t+ informaci\u00f3n\t\t\t\t\t\t<\/a>\t\t\t\t\t<\/p>\n\t\t\t\t\t\t\t<\/div>\n\t\t\t\t\t\t\t<\/div>\n\t\t\t\t\t\t\t\t<\/li>\n\n\t\t\t<li\n\t\t\tclass=\"sow-features-feature sow-icon-container-position-top\"\n\t\t\tstyle=\"display: flex; flex-direction: column; width: calc(50% - 25px);\"\n\t\t>\n\t\t\t\n\t\t\t\t\t\t\t<div class=\"sow-features-feature-right-left-container\" style=\"display: flex; flex-direction: inherit;\">\n\t\t\t\t\t\t\t<div\t\t\t\tclass=\"sow-icon-container sow-container-round\"\n\t\t\t\tstyle=\"color: #ffffff; \"\n\t\t\t\t\n\t\t\t\t\t\t\t>\n\t\t\t\t<span class=\"sow-icon-elegantline\" data-sow-icon=\"&#xe040;\"\n\t\tstyle=\"font-size: 48px; color: #000000\" \n\t\taria-hidden=\"true\"><\/span>\t\t\t<\/div>\n\n\t\t\t<div class=\"textwidget\">\n\t\t\t\t\t\t\t\t\t<div class=\"sow-features-feature-content\">\n\t\t\t\t\n\t\t\t\t\t\t\t\t\t<h5 class=\"sow-features-feature-title\">\n\t\t\t\t\t\tAntonio Mart\u00ednez Puche\t\t\t\t\t<\/h5>\n\t\t\t\t\n\t\t\t\t\t\t\t\t\t<div class=\"sow-features-feature-text\">\n\t\t\t\t\t<p><img loading=\"lazy\" decoding=\"async\" class=\"aligncenter wp-image-769\" src=\"https:\/\/avantcatedrainteruniversitaria.blogs.upv.es\/wp-content\/uploads\/2026\/01\/UA-300x50.jpg\" alt=\"\" width=\"209\" height=\"35\" srcset=\"https:\/\/avantcatedrainteruniversitaria.blogs.upv.es\/wp-content\/uploads\/2026\/01\/UA-300x50.jpg 300w, https:\/\/avantcatedrainteruniversitaria.blogs.upv.es\/wp-content\/uploads\/2026\/01\/UA.jpg 518w\" sizes=\"auto, (max-width: 209px) 100vw, 209px\" \/><\/p>\n\t\t\t\t\t<\/div>\n\t\t\t\t\t\t\t\t\t\t<\/div>\n\t\t\t\t\t<p class=\"sow-more-text\">\n\t\t\t\t\t\t<a href=\"https:\/\/web.ua.es\/es\/gabinete-convenios\/catedras\/cat-avant\/catedra-avant.html\" >\t\t\t\t\t\t+ informaci\u00f3n \t\t\t\t\t\t<\/a>\t\t\t\t\t<\/p>\n\t\t\t\t\t\t\t<\/div>\n\t\t\t\t\t\t\t<\/div>\n\t\t\t\t\t\t\t\t<\/li>\n\n\t<\/ul>\n<\/div><\/div><\/div><\/div><\/div><div id=\"pg-127-3\"  class=\"panel-grid panel-has-style\" ><div class=\"siteorigin-panels-stretch panel-row-style panel-row-style-for-127-3\" data-stretch-type=\"full-width-stretch\" ><div id=\"pgc-127-3-0\"  class=\"panel-grid-cell\" ><div id=\"panel-127-3-0-0\" class=\"so-panel widget widget_sow-headline panel-first-child panel-last-child\" data-index=\"6\" ><div class=\"panel-widget-style panel-widget-style-for-127-3-0-0\" ><div\n\t\t\t\n\t\t\tclass=\"so-widget-sow-headline so-widget-sow-headline-default-c7df13e24dde-127 so-widget-fittext-wrapper\"\n\t\t\t data-fit-text-compressor=\"0.85\"\n\t\t><div class=\"sow-headline-container \">\n\t\t\t\t\t\t\t<h1 class=\"sow-headline\">\n\t\t\t\t\t\tAgenda AVANT\t\t\t\t\t\t<\/h1>\n\t\t\t\t\t\t\t\t\t\t\t\t<h1 class=\"sow-sub-headline\">\n\t\t\t\t\t\tDirecci\u00f3 General d'Administraci\u00f3 Local\t\t\t\t\t\t<\/h1>\n\t\t\t\t\t\t<\/div>\n<\/div><\/div><\/div><\/div><\/div><\/div><\/div>","protected":false},"excerpt":{"rendered":"<p>Entidades patrocinadoras Jos\u00e9 Antonio Redorat Fresquet Director general d&#8217;Administraci\u00f3 Local + informaci\u00f3n Instituciones Acad\u00e9micas que componen la C\u00e1tedra AVANT Jorge Hermosilla Pla y Emilio Barba Campos + informaci\u00f3n Consuelo Calafat&hellip;&nbsp;<\/p>\n","protected":false},"author":1,"featured_media":0,"parent":0,"menu_order":0,"comment_status":"closed","ping_status":"closed","template":"","meta":{"neve_meta_sidebar":"","neve_meta_container":"","neve_meta_enable_content_width":"off","neve_meta_content_width":100,"neve_meta_title_alignment":"","neve_meta_author_avatar":"","neve_post_elements_order":"","neve_meta_disable_header":"","neve_meta_disable_footer":"","neve_meta_disable_title":"","footnotes":""},"class_list":["post-127","page","type-page","status-publish","hentry"],"yoast_head":"<!-- This site is optimized with the Yoast SEO plugin v27.3 - https:\/\/yoast.com\/product\/yoast-seo-wordpress\/ -->\n<title>\u00bfQui\u00e9nes somos? - C\u00e1tedra Interuniversitaria AVANT<\/title>\n<meta name=\"robots\" content=\"index, follow, max-snippet:-1, max-image-preview:large, max-video-preview:-1\" \/>\n<link rel=\"canonical\" href=\"https:\/\/avantcatedrainteruniversitaria.blogs.upv.es\/index.php\/quienes-somos\/\" \/>\n<meta property=\"og:locale\" content=\"es_ES\" \/>\n<meta property=\"og:type\" content=\"article\" \/>\n<meta property=\"og:title\" content=\"\u00bfQui\u00e9nes somos? - C\u00e1tedra Interuniversitaria AVANT\" \/>\n<meta property=\"og:description\" content=\"Entidades patrocinadoras Jos\u00e9 Antonio Redorat Fresquet Director general d&#039;Administraci\u00f3 Local + informaci\u00f3n Instituciones Acad\u00e9micas que componen la C\u00e1tedra AVANT Jorge Hermosilla Pla y Emilio Barba Campos + informaci\u00f3n Consuelo Calafat&hellip;&nbsp;\" \/>\n<meta property=\"og:url\" content=\"https:\/\/avantcatedrainteruniversitaria.blogs.upv.es\/index.php\/quienes-somos\/\" \/>\n<meta property=\"og:site_name\" content=\"C\u00e1tedra Interuniversitaria AVANT\" \/>\n<meta property=\"article:modified_time\" content=\"2026-01-28T21:58:27+00:00\" \/>\n<meta name=\"twitter:card\" content=\"summary_large_image\" \/>\n<meta name=\"twitter:label1\" content=\"Tiempo de lectura\" \/>\n\t<meta name=\"twitter:data1\" content=\"2 minutos\" \/>\n<script type=\"application\/ld+json\" class=\"yoast-schema-graph\">{\"@context\":\"https:\\\/\\\/schema.org\",\"@graph\":[{\"@type\":\"WebPage\",\"@id\":\"https:\\\/\\\/avantcatedrainteruniversitaria.blogs.upv.es\\\/index.php\\\/quienes-somos\\\/\",\"url\":\"https:\\\/\\\/avantcatedrainteruniversitaria.blogs.upv.es\\\/index.php\\\/quienes-somos\\\/\",\"name\":\"\u00bfQui\u00e9nes somos? - C\u00e1tedra Interuniversitaria AVANT\",\"isPartOf\":{\"@id\":\"https:\\\/\\\/avantcatedrainteruniversitaria.blogs.upv.es\\\/#website\"},\"datePublished\":\"2022-06-21T18:24:08+00:00\",\"dateModified\":\"2026-01-28T21:58:27+00:00\",\"breadcrumb\":{\"@id\":\"https:\\\/\\\/avantcatedrainteruniversitaria.blogs.upv.es\\\/index.php\\\/quienes-somos\\\/#breadcrumb\"},\"inLanguage\":\"es\",\"potentialAction\":[{\"@type\":\"ReadAction\",\"target\":[\"https:\\\/\\\/avantcatedrainteruniversitaria.blogs.upv.es\\\/index.php\\\/quienes-somos\\\/\"]}]},{\"@type\":\"BreadcrumbList\",\"@id\":\"https:\\\/\\\/avantcatedrainteruniversitaria.blogs.upv.es\\\/index.php\\\/quienes-somos\\\/#breadcrumb\",\"itemListElement\":[{\"@type\":\"ListItem\",\"position\":1,\"name\":\"Home\",\"item\":\"https:\\\/\\\/avantcatedrainteruniversitaria.blogs.upv.es\\\/\"},{\"@type\":\"ListItem\",\"position\":2,\"name\":\"\u00bfQui\u00e9nes somos?\"}]},{\"@type\":\"WebSite\",\"@id\":\"https:\\\/\\\/avantcatedrainteruniversitaria.blogs.upv.es\\\/#website\",\"url\":\"https:\\\/\\\/avantcatedrainteruniversitaria.blogs.upv.es\\\/\",\"name\":\"C\u00e1tedra Interuniversitaria AVANT\",\"description\":\"Direcci\u00f3 General de l&#039;Administraci\u00f3 Local\",\"publisher\":{\"@id\":\"https:\\\/\\\/avantcatedrainteruniversitaria.blogs.upv.es\\\/#organization\"},\"potentialAction\":[{\"@type\":\"SearchAction\",\"target\":{\"@type\":\"EntryPoint\",\"urlTemplate\":\"https:\\\/\\\/avantcatedrainteruniversitaria.blogs.upv.es\\\/?s={search_term_string}\"},\"query-input\":{\"@type\":\"PropertyValueSpecification\",\"valueRequired\":true,\"valueName\":\"search_term_string\"}}],\"inLanguage\":\"es\"},{\"@type\":\"Organization\",\"@id\":\"https:\\\/\\\/avantcatedrainteruniversitaria.blogs.upv.es\\\/#organization\",\"name\":\"C\u00e1tedra Interuniversitaria AVANT\",\"url\":\"https:\\\/\\\/avantcatedrainteruniversitaria.blogs.upv.es\\\/\",\"logo\":{\"@type\":\"ImageObject\",\"inLanguage\":\"es\",\"@id\":\"https:\\\/\\\/avantcatedrainteruniversitaria.blogs.upv.es\\\/#\\\/schema\\\/logo\\\/image\\\/\",\"url\":\"https:\\\/\\\/avantcatedrainteruniversitaria.blogs.upv.es\\\/wp-content\\\/uploads\\\/2026\\\/01\\\/cropped-AVANT-logo-1.png\",\"contentUrl\":\"https:\\\/\\\/avantcatedrainteruniversitaria.blogs.upv.es\\\/wp-content\\\/uploads\\\/2026\\\/01\\\/cropped-AVANT-logo-1.png\",\"width\":512,\"height\":512,\"caption\":\"C\u00e1tedra Interuniversitaria AVANT\"},\"image\":{\"@id\":\"https:\\\/\\\/avantcatedrainteruniversitaria.blogs.upv.es\\\/#\\\/schema\\\/logo\\\/image\\\/\"}}]}<\/script>\n<!-- \/ Yoast SEO plugin. -->","yoast_head_json":{"title":"\u00bfQui\u00e9nes somos? - C\u00e1tedra Interuniversitaria AVANT","robots":{"index":"index","follow":"follow","max-snippet":"max-snippet:-1","max-image-preview":"max-image-preview:large","max-video-preview":"max-video-preview:-1"},"canonical":"https:\/\/avantcatedrainteruniversitaria.blogs.upv.es\/index.php\/quienes-somos\/","og_locale":"es_ES","og_type":"article","og_title":"\u00bfQui\u00e9nes somos? - C\u00e1tedra Interuniversitaria AVANT","og_description":"Entidades patrocinadoras Jos\u00e9 Antonio Redorat Fresquet Director general d'Administraci\u00f3 Local + informaci\u00f3n Instituciones Acad\u00e9micas que componen la C\u00e1tedra AVANT Jorge Hermosilla Pla y Emilio Barba Campos + informaci\u00f3n Consuelo Calafat&hellip;&nbsp;","og_url":"https:\/\/avantcatedrainteruniversitaria.blogs.upv.es\/index.php\/quienes-somos\/","og_site_name":"C\u00e1tedra Interuniversitaria AVANT","article_modified_time":"2026-01-28T21:58:27+00:00","twitter_card":"summary_large_image","twitter_misc":{"Tiempo de lectura":"2 minutos"},"schema":{"@context":"https:\/\/schema.org","@graph":[{"@type":"WebPage","@id":"https:\/\/avantcatedrainteruniversitaria.blogs.upv.es\/index.php\/quienes-somos\/","url":"https:\/\/avantcatedrainteruniversitaria.blogs.upv.es\/index.php\/quienes-somos\/","name":"\u00bfQui\u00e9nes somos? - C\u00e1tedra Interuniversitaria AVANT","isPartOf":{"@id":"https:\/\/avantcatedrainteruniversitaria.blogs.upv.es\/#website"},"datePublished":"2022-06-21T18:24:08+00:00","dateModified":"2026-01-28T21:58:27+00:00","breadcrumb":{"@id":"https:\/\/avantcatedrainteruniversitaria.blogs.upv.es\/index.php\/quienes-somos\/#breadcrumb"},"inLanguage":"es","potentialAction":[{"@type":"ReadAction","target":["https:\/\/avantcatedrainteruniversitaria.blogs.upv.es\/index.php\/quienes-somos\/"]}]},{"@type":"BreadcrumbList","@id":"https:\/\/avantcatedrainteruniversitaria.blogs.upv.es\/index.php\/quienes-somos\/#breadcrumb","itemListElement":[{"@type":"ListItem","position":1,"name":"Home","item":"https:\/\/avantcatedrainteruniversitaria.blogs.upv.es\/"},{"@type":"ListItem","position":2,"name":"\u00bfQui\u00e9nes somos?"}]},{"@type":"WebSite","@id":"https:\/\/avantcatedrainteruniversitaria.blogs.upv.es\/#website","url":"https:\/\/avantcatedrainteruniversitaria.blogs.upv.es\/","name":"C\u00e1tedra Interuniversitaria AVANT","description":"Direcci\u00f3 General de l&#039;Administraci\u00f3 Local","publisher":{"@id":"https:\/\/avantcatedrainteruniversitaria.blogs.upv.es\/#organization"},"potentialAction":[{"@type":"SearchAction","target":{"@type":"EntryPoint","urlTemplate":"https:\/\/avantcatedrainteruniversitaria.blogs.upv.es\/?s={search_term_string}"},"query-input":{"@type":"PropertyValueSpecification","valueRequired":true,"valueName":"search_term_string"}}],"inLanguage":"es"},{"@type":"Organization","@id":"https:\/\/avantcatedrainteruniversitaria.blogs.upv.es\/#organization","name":"C\u00e1tedra Interuniversitaria AVANT","url":"https:\/\/avantcatedrainteruniversitaria.blogs.upv.es\/","logo":{"@type":"ImageObject","inLanguage":"es","@id":"https:\/\/avantcatedrainteruniversitaria.blogs.upv.es\/#\/schema\/logo\/image\/","url":"https:\/\/avantcatedrainteruniversitaria.blogs.upv.es\/wp-content\/uploads\/2026\/01\/cropped-AVANT-logo-1.png","contentUrl":"https:\/\/avantcatedrainteruniversitaria.blogs.upv.es\/wp-content\/uploads\/2026\/01\/cropped-AVANT-logo-1.png","width":512,"height":512,"caption":"C\u00e1tedra Interuniversitaria AVANT"},"image":{"@id":"https:\/\/avantcatedrainteruniversitaria.blogs.upv.es\/#\/schema\/logo\/image\/"}}]}},"_links":{"self":[{"href":"https:\/\/avantcatedrainteruniversitaria.blogs.upv.es\/index.php\/wp-json\/wp\/v2\/pages\/127","targetHints":{"allow":["GET"]}}],"collection":[{"href":"https:\/\/avantcatedrainteruniversitaria.blogs.upv.es\/index.php\/wp-json\/wp\/v2\/pages"}],"about":[{"href":"https:\/\/avantcatedrainteruniversitaria.blogs.upv.es\/index.php\/wp-json\/wp\/v2\/types\/page"}],"author":[{"embeddable":true,"href":"https:\/\/avantcatedrainteruniversitaria.blogs.upv.es\/index.php\/wp-json\/wp\/v2\/users\/1"}],"replies":[{"embeddable":true,"href":"https:\/\/avantcatedrainteruniversitaria.blogs.upv.es\/index.php\/wp-json\/wp\/v2\/comments?post=127"}],"version-history":[{"count":15,"href":"https:\/\/avantcatedrainteruniversitaria.blogs.upv.es\/index.php\/wp-json\/wp\/v2\/pages\/127\/revisions"}],"predecessor-version":[{"id":1231,"href":"https:\/\/avantcatedrainteruniversitaria.blogs.upv.es\/index.php\/wp-json\/wp\/v2\/pages\/127\/revisions\/1231"}],"wp:attachment":[{"href":"https:\/\/avantcatedrainteruniversitaria.blogs.upv.es\/index.php\/wp-json\/wp\/v2\/media?parent=127"}],"curies":[{"name":"wp","href":"https:\/\/api.w.org\/{rel}","templated":true}]}}