{"id":203,"date":"2022-06-25T14:59:44","date_gmt":"2022-06-25T14:59:44","guid":{"rendered":"https:\/\/avantcatedrainteruniversitaria.blogs.upv.es\/?page_id=203"},"modified":"2026-02-13T18:27:37","modified_gmt":"2026-02-13T17:27:37","slug":"publicaciones","status":"publish","type":"page","link":"https:\/\/avantcatedrainteruniversitaria.blogs.upv.es\/index.php\/publicaciones\/","title":{"rendered":"Publicaciones"},"content":{"rendered":"<div id=\"pl-203\"  class=\"panel-layout\" ><div id=\"pg-203-0\"  class=\"panel-grid panel-has-style\" ><div class=\"panel-row-style panel-row-style-for-203-0\" ><div id=\"pgc-203-0-0\"  class=\"panel-grid-cell\" ><div id=\"panel-203-0-0-0\" class=\"so-panel widget widget_siteorigin-panels-builder panel-first-child panel-last-child\" data-index=\"0\" ><div id=\"pl-w698f5f099ecee\"  class=\"panel-layout\" ><div id=\"pg-w698f5f099ecee-0\"  class=\"panel-grid panel-no-style\" ><div id=\"pgc-w698f5f099ecee-0-0\"  class=\"panel-grid-cell\" ><div id=\"panel-w698f5f099ecee-0-0-0\" class=\"so-panel widget widget_sow-image panel-first-child panel-last-child\" data-index=\"0\" ><div\n\t\t\t\n\t\t\tclass=\"so-widget-sow-image so-widget-sow-image-default-17c6e20e804c\"\n\t\t\t\n\t\t>\n<div class=\"sow-image-container\">\n\t\t<img \n\tsrc=\"https:\/\/avantcatedrainteruniversitaria.blogs.upv.es\/wp-content\/uploads\/2026\/02\/vivi2-e1771003280402.png\" width=\"200\" height=\"200\" srcset=\"https:\/\/avantcatedrainteruniversitaria.blogs.upv.es\/wp-content\/uploads\/2026\/02\/vivi2-e1771003280402.png 536w, https:\/\/avantcatedrainteruniversitaria.blogs.upv.es\/wp-content\/uploads\/2026\/02\/vivi2-e1771003280402-257x300.png 257w\" sizes=\"(max-width: 172px) 100vw, 172px\" style=\"width: 200px; height: 200px;\" title=\"Estudio sobre la vivienda\" alt=\"\" \t\tclass=\"so-widget-image\"\/>\n\t<\/div>\n\n<\/div><\/div><\/div><div id=\"pgc-w698f5f099ecee-0-1\"  class=\"panel-grid-cell\" ><div id=\"panel-w698f5f099ecee-0-1-0\" class=\"so-panel widget widget_sow-editor panel-first-child panel-last-child\" data-index=\"1\" ><div\n\t\t\t\n\t\t\tclass=\"so-widget-sow-editor so-widget-sow-editor-base\"\n\t\t\t\n\t\t><h3 class=\"widget-title\">Estudio sobre la vivienda como factor espec\u00edfico de retenci\u00f3n y atracci\u00f3n de talento y poblaci\u00f3n en los municipios rurales de la Comunitat Valenciana<\/h3>\n<div class=\"siteorigin-widget-tinymce textwidget\">\n\t<p>Identificaci\u00f3n de par\u00e1metros y criterios para evaluar el potencial municipal del factor vivienda en municipios rurales valencianos.<br \/>\nMart\u00ednez Puche, A.; Amat Montesinos, X.; Sancho Carbonell, I. (2021). Universitat d\u2019Alacant.<br \/>\nDisponible: <a href=\"https:\/\/avantcatedrainteruniversitaria.blogs.upv.es\/wp-content\/uploads\/2026\/02\/UA.Estudio-Factores-Vivienda.pdf\" target=\"_blank\" rel=\"noopener\">Estudio sobre la vivienda (PDF)<\/a><\/p>\n<\/div>\n<\/div><\/div><\/div><\/div><div id=\"pg-w698f5f099ecee-1\"  class=\"panel-grid panel-no-style\" ><div id=\"pgc-w698f5f099ecee-1-0\"  class=\"panel-grid-cell\" ><div id=\"panel-w698f5f099ecee-1-0-0\" class=\"so-panel widget widget_sow-image panel-first-child panel-last-child\" data-index=\"2\" ><div\n\t\t\t\n\t\t\tclass=\"so-widget-sow-image so-widget-sow-image-default-25da3ed91fe3\"\n\t\t\t\n\t\t>\n<div class=\"sow-image-container\">\n\t\t<img \n\tsrc=\"https:\/\/avantcatedrainteruniversitaria.blogs.upv.es\/wp-content\/uploads\/2026\/02\/Imagen1-150x150.png\" width=\"150\" height=\"150\" sizes=\"(max-width: 150px) 100vw, 150px\" title=\"El despoblament en el territori valenci\u00e0 Una visi\u00f3 poli\u00e8drica\" alt=\"\" \t\tclass=\"so-widget-image\"\/>\n\t<\/div>\n\n<\/div><\/div><\/div><div id=\"pgc-w698f5f099ecee-1-1\"  class=\"panel-grid-cell\" ><div id=\"panel-w698f5f099ecee-1-1-0\" class=\"so-panel widget widget_sow-editor panel-first-child panel-last-child\" data-index=\"3\" ><div\n\t\t\t\n\t\t\tclass=\"so-widget-sow-editor so-widget-sow-editor-base\"\n\t\t\t\n\t\t><h3 class=\"widget-title\">Evoluci\u00f3 demogr\u00e0fica dels municipis de la provincia de Castell\u00f3 en risc de despoblament<\/h3>\n<div class=\"siteorigin-widget-tinymce textwidget\">\n\t<p>Aquest treball d\u2019investigaci\u00f3 s\u2019ha realitzat en resposta al enc\u00e0rrec fet per la directora de la C\u00e0tedra AVANT de la Universitat Jaume I<br \/>\nDisponible online:\u00a0<a href=\"https:\/\/www.iidl.uji.es\/wp-content\/uploads\/2025\/12\/Text-Complet-28-XI_merged.pdf\" target=\"_blank\" rel=\"noopener\">Evoluci\u00f3 demogr\u00e0fica dels municipis de la provincia de Castell\u00f3 en risc de despoblament<\/a><\/p>\n<\/div>\n<\/div><\/div><\/div><\/div><div id=\"pg-w698f5f099ecee-2\"  class=\"panel-grid panel-no-style\" ><div id=\"pgc-w698f5f099ecee-2-0\"  class=\"panel-grid-cell\" ><div id=\"panel-w698f5f099ecee-2-0-0\" class=\"so-panel widget widget_sow-image panel-first-child panel-last-child\" data-index=\"4\" ><div\n\t\t\t\n\t\t\tclass=\"so-widget-sow-image so-widget-sow-image-default-25da3ed91fe3\"\n\t\t\t\n\t\t>\n<div class=\"sow-image-container\">\n\t\t<img \n\tsrc=\"https:\/\/avantcatedrainteruniversitaria.blogs.upv.es\/wp-content\/uploads\/2026\/02\/mooc-150x150.png\" width=\"150\" height=\"150\" sizes=\"(max-width: 150px) 100vw, 150px\" title=\"Despoblaci\u00f3n rural. Problemas y soluciones.\" alt=\"\" \t\tclass=\"so-widget-image\"\/>\n\t<\/div>\n\n<\/div><\/div><\/div><div id=\"pgc-w698f5f099ecee-2-1\"  class=\"panel-grid-cell\" ><div id=\"panel-w698f5f099ecee-2-1-0\" class=\"so-panel widget widget_sow-editor panel-first-child panel-last-child\" data-index=\"5\" ><div\n\t\t\t\n\t\t\tclass=\"so-widget-sow-editor so-widget-sow-editor-base\"\n\t\t\t\n\t\t><h3 class=\"widget-title\">Despoblaci\u00f3n rural. Problemas y soluciones.<\/h3>\n<div class=\"siteorigin-widget-tinymce textwidget\">\n\t<p>Garc\u00eda Alvarez-Coque, JM. (2021). Despoblaci\u00f3n rural. Problemas y soluciones.<br \/>\nEditorial Universitat Polit\u00e8cnica de Val\u00e8ncia.<br \/>\nDisponible online: <a href=\"https:\/\/riunet.upv.es\/handle\/10251\/160237\" target=\"_blank\" rel=\"noopener\">Despoblaci\u00f3n rural. Problemas y soluciones<\/a><\/p>\n<\/div>\n<\/div><\/div><\/div><\/div><div id=\"pg-w698f5f099ecee-3\"  class=\"panel-grid panel-no-style\" ><div id=\"pgc-w698f5f099ecee-3-0\"  class=\"panel-grid-cell\" ><div id=\"panel-w698f5f099ecee-3-0-0\" class=\"so-panel widget widget_sow-image panel-first-child panel-last-child\" data-index=\"6\" ><div\n\t\t\t\n\t\t\tclass=\"so-widget-sow-image so-widget-sow-image-default-25da3ed91fe3\"\n\t\t\t\n\t\t>\n<div class=\"sow-image-container\">\n\t\t<img \n\tsrc=\"https:\/\/avantcatedrainteruniversitaria.blogs.upv.es\/wp-content\/uploads\/2026\/01\/portada-150x150.jpeg\" width=\"150\" height=\"150\" sizes=\"(max-width: 150px) 100vw, 150px\" title=\"El despoblament en el territori valenci\u00e0 Una visi\u00f3 poli\u00e8drica\" alt=\"\" \t\tclass=\"so-widget-image\"\/>\n\t<\/div>\n\n<\/div><\/div><\/div><div id=\"pgc-w698f5f099ecee-3-1\"  class=\"panel-grid-cell\" ><div id=\"panel-w698f5f099ecee-3-1-0\" class=\"so-panel widget widget_sow-editor panel-first-child panel-last-child\" data-index=\"7\" ><div\n\t\t\t\n\t\t\tclass=\"so-widget-sow-editor so-widget-sow-editor-base\"\n\t\t\t\n\t\t><h3 class=\"widget-title\">Buenas pr\u00e1cticas y reto demogr\u00e1fico. Propuestas para afrontar procesos de despoblaci\u00f3n desde la acci\u00f3n<\/h3>\n<div class=\"siteorigin-widget-tinymce textwidget\">\n\t<div class=\"product-name\">\n<p><label style=\"font-size: 16px;\">Director:\u00a0 <\/label><span style=\"font-size: 16px;\">Antonio Mart\u00ednez Puche<\/span><br \/>\n<label>Fecha de edici\u00f3n:\u00a0 <\/label>01-06-2024<br \/>\n<label>ISBN digital:\u00a0 <\/label>978-84-1163-344-4<br \/>\n<label>ISBN papel + digital:\u00a0 <\/label>978-84-1163-345-1<\/p>\n<\/div>\n<\/div>\n<\/div><\/div><\/div><\/div><div id=\"pg-w698f5f099ecee-4\"  class=\"panel-grid panel-no-style\" ><div id=\"pgc-w698f5f099ecee-4-0\"  class=\"panel-grid-cell\" ><div id=\"panel-w698f5f099ecee-4-0-0\" class=\"so-panel widget widget_sow-image panel-first-child panel-last-child\" data-index=\"8\" ><div\n\t\t\t\n\t\t\tclass=\"so-widget-sow-image so-widget-sow-image-default-25da3ed91fe3\"\n\t\t\t\n\t\t>\n<div class=\"sow-image-container\">\n\t\t<img \n\tsrc=\"https:\/\/avantcatedrainteruniversitaria.blogs.upv.es\/wp-content\/uploads\/2026\/01\/portada-150x150.jpg\" width=\"150\" height=\"150\" sizes=\"(max-width: 150px) 100vw, 150px\" title=\"El despoblament en el territori valenci\u00e0 Una visi\u00f3 poli\u00e8drica\" alt=\"\" \t\tclass=\"so-widget-image\"\/>\n\t<\/div>\n\n<\/div><\/div><\/div><div id=\"pgc-w698f5f099ecee-4-1\"  class=\"panel-grid-cell\" ><div id=\"panel-w698f5f099ecee-4-1-0\" class=\"so-panel widget widget_sow-editor panel-first-child panel-last-child\" data-index=\"9\" ><div\n\t\t\t\n\t\t\tclass=\"so-widget-sow-editor so-widget-sow-editor-base\"\n\t\t\t\n\t\t><h3 class=\"widget-title\">El despoblament en el territori valenci\u00e0. Una visi\u00f3 poli\u00e8drica<\/h3>\n<div class=\"siteorigin-widget-tinymce textwidget\">\n\t<p>Disponible online: <a href=\"https:\/\/fundacionexe.org\/publicacions\/el-despoblament-al-territori-valencia-una-visio-poliedrica\/\" target=\"_blank\" rel=\"noopener\">El despoblament en el territori valenci\u00e0. Una visi\u00f3 poli\u00e8drica<\/a><br \/>\nISBN: 978-84-123055-8-6<br \/>\nDip\u00f2sit legal: B 17147-2022<\/p>\n<\/div>\n<\/div><\/div><\/div><\/div><\/div><\/div><\/div><\/div><\/div><\/div>","protected":false},"excerpt":{"rendered":"<p>Estudio sobre la vivienda como factor espec\u00edfico de retenci\u00f3n y atracci\u00f3n de talento y poblaci\u00f3n en los municipios rurales de la Comunitat Valenciana Identificaci\u00f3n de par\u00e1metros y criterios para evaluar&hellip;&nbsp;<\/p>\n","protected":false},"author":1,"featured_media":0,"parent":0,"menu_order":0,"comment_status":"closed","ping_status":"closed","template":"","meta":{"neve_meta_sidebar":"","neve_meta_container":"","neve_meta_enable_content_width":"off","neve_meta_content_width":100,"neve_meta_title_alignment":"","neve_meta_author_avatar":"","neve_post_elements_order":"","neve_meta_disable_header":"","neve_meta_disable_footer":"","neve_meta_disable_title":"","footnotes":""},"class_list":["post-203","page","type-page","status-publish","hentry"],"yoast_head":"<!-- This site is optimized with the Yoast SEO plugin v27.3 - https:\/\/yoast.com\/product\/yoast-seo-wordpress\/ -->\n<title>Publicaciones - C\u00e1tedra Interuniversitaria AVANT<\/title>\n<meta name=\"robots\" content=\"index, follow, max-snippet:-1, max-image-preview:large, max-video-preview:-1\" \/>\n<link rel=\"canonical\" href=\"https:\/\/avantcatedrainteruniversitaria.blogs.upv.es\/index.php\/publicaciones\/\" \/>\n<meta property=\"og:locale\" content=\"es_ES\" \/>\n<meta property=\"og:type\" content=\"article\" \/>\n<meta property=\"og:title\" content=\"Publicaciones - C\u00e1tedra Interuniversitaria AVANT\" \/>\n<meta property=\"og:description\" content=\"Estudio sobre la vivienda como factor espec\u00edfico de retenci\u00f3n y atracci\u00f3n de talento y poblaci\u00f3n en los municipios rurales de la Comunitat Valenciana Identificaci\u00f3n de par\u00e1metros y criterios para evaluar&hellip;&nbsp;\" \/>\n<meta property=\"og:url\" content=\"https:\/\/avantcatedrainteruniversitaria.blogs.upv.es\/index.php\/publicaciones\/\" \/>\n<meta property=\"og:site_name\" content=\"C\u00e1tedra Interuniversitaria AVANT\" \/>\n<meta property=\"article:modified_time\" content=\"2026-02-13T17:27:37+00:00\" \/>\n<meta name=\"twitter:card\" content=\"summary_large_image\" \/>\n<meta name=\"twitter:label1\" content=\"Tiempo de lectura\" \/>\n\t<meta name=\"twitter:data1\" content=\"2 minutos\" \/>\n<script type=\"application\/ld+json\" class=\"yoast-schema-graph\">{\"@context\":\"https:\\\/\\\/schema.org\",\"@graph\":[{\"@type\":\"WebPage\",\"@id\":\"https:\\\/\\\/avantcatedrainteruniversitaria.blogs.upv.es\\\/index.php\\\/publicaciones\\\/\",\"url\":\"https:\\\/\\\/avantcatedrainteruniversitaria.blogs.upv.es\\\/index.php\\\/publicaciones\\\/\",\"name\":\"Publicaciones - C\u00e1tedra Interuniversitaria AVANT\",\"isPartOf\":{\"@id\":\"https:\\\/\\\/avantcatedrainteruniversitaria.blogs.upv.es\\\/#website\"},\"datePublished\":\"2022-06-25T14:59:44+00:00\",\"dateModified\":\"2026-02-13T17:27:37+00:00\",\"breadcrumb\":{\"@id\":\"https:\\\/\\\/avantcatedrainteruniversitaria.blogs.upv.es\\\/index.php\\\/publicaciones\\\/#breadcrumb\"},\"inLanguage\":\"es\",\"potentialAction\":[{\"@type\":\"ReadAction\",\"target\":[\"https:\\\/\\\/avantcatedrainteruniversitaria.blogs.upv.es\\\/index.php\\\/publicaciones\\\/\"]}]},{\"@type\":\"BreadcrumbList\",\"@id\":\"https:\\\/\\\/avantcatedrainteruniversitaria.blogs.upv.es\\\/index.php\\\/publicaciones\\\/#breadcrumb\",\"itemListElement\":[{\"@type\":\"ListItem\",\"position\":1,\"name\":\"Home\",\"item\":\"https:\\\/\\\/avantcatedrainteruniversitaria.blogs.upv.es\\\/\"},{\"@type\":\"ListItem\",\"position\":2,\"name\":\"Publicaciones\"}]},{\"@type\":\"WebSite\",\"@id\":\"https:\\\/\\\/avantcatedrainteruniversitaria.blogs.upv.es\\\/#website\",\"url\":\"https:\\\/\\\/avantcatedrainteruniversitaria.blogs.upv.es\\\/\",\"name\":\"C\u00e1tedra Interuniversitaria AVANT\",\"description\":\"Direcci\u00f3 General de l&#039;Administraci\u00f3 Local\",\"publisher\":{\"@id\":\"https:\\\/\\\/avantcatedrainteruniversitaria.blogs.upv.es\\\/#organization\"},\"potentialAction\":[{\"@type\":\"SearchAction\",\"target\":{\"@type\":\"EntryPoint\",\"urlTemplate\":\"https:\\\/\\\/avantcatedrainteruniversitaria.blogs.upv.es\\\/?s={search_term_string}\"},\"query-input\":{\"@type\":\"PropertyValueSpecification\",\"valueRequired\":true,\"valueName\":\"search_term_string\"}}],\"inLanguage\":\"es\"},{\"@type\":\"Organization\",\"@id\":\"https:\\\/\\\/avantcatedrainteruniversitaria.blogs.upv.es\\\/#organization\",\"name\":\"C\u00e1tedra Interuniversitaria AVANT\",\"url\":\"https:\\\/\\\/avantcatedrainteruniversitaria.blogs.upv.es\\\/\",\"logo\":{\"@type\":\"ImageObject\",\"inLanguage\":\"es\",\"@id\":\"https:\\\/\\\/avantcatedrainteruniversitaria.blogs.upv.es\\\/#\\\/schema\\\/logo\\\/image\\\/\",\"url\":\"https:\\\/\\\/avantcatedrainteruniversitaria.blogs.upv.es\\\/wp-content\\\/uploads\\\/2026\\\/01\\\/cropped-AVANT-logo-1.png\",\"contentUrl\":\"https:\\\/\\\/avantcatedrainteruniversitaria.blogs.upv.es\\\/wp-content\\\/uploads\\\/2026\\\/01\\\/cropped-AVANT-logo-1.png\",\"width\":512,\"height\":512,\"caption\":\"C\u00e1tedra Interuniversitaria AVANT\"},\"image\":{\"@id\":\"https:\\\/\\\/avantcatedrainteruniversitaria.blogs.upv.es\\\/#\\\/schema\\\/logo\\\/image\\\/\"}}]}<\/script>\n<!-- \/ Yoast SEO plugin. -->","yoast_head_json":{"title":"Publicaciones - C\u00e1tedra Interuniversitaria AVANT","robots":{"index":"index","follow":"follow","max-snippet":"max-snippet:-1","max-image-preview":"max-image-preview:large","max-video-preview":"max-video-preview:-1"},"canonical":"https:\/\/avantcatedrainteruniversitaria.blogs.upv.es\/index.php\/publicaciones\/","og_locale":"es_ES","og_type":"article","og_title":"Publicaciones - C\u00e1tedra Interuniversitaria AVANT","og_description":"Estudio sobre la vivienda como factor espec\u00edfico de retenci\u00f3n y atracci\u00f3n de talento y poblaci\u00f3n en los municipios rurales de la Comunitat Valenciana Identificaci\u00f3n de par\u00e1metros y criterios para evaluar&hellip;&nbsp;","og_url":"https:\/\/avantcatedrainteruniversitaria.blogs.upv.es\/index.php\/publicaciones\/","og_site_name":"C\u00e1tedra Interuniversitaria AVANT","article_modified_time":"2026-02-13T17:27:37+00:00","twitter_card":"summary_large_image","twitter_misc":{"Tiempo de lectura":"2 minutos"},"schema":{"@context":"https:\/\/schema.org","@graph":[{"@type":"WebPage","@id":"https:\/\/avantcatedrainteruniversitaria.blogs.upv.es\/index.php\/publicaciones\/","url":"https:\/\/avantcatedrainteruniversitaria.blogs.upv.es\/index.php\/publicaciones\/","name":"Publicaciones - C\u00e1tedra Interuniversitaria AVANT","isPartOf":{"@id":"https:\/\/avantcatedrainteruniversitaria.blogs.upv.es\/#website"},"datePublished":"2022-06-25T14:59:44+00:00","dateModified":"2026-02-13T17:27:37+00:00","breadcrumb":{"@id":"https:\/\/avantcatedrainteruniversitaria.blogs.upv.es\/index.php\/publicaciones\/#breadcrumb"},"inLanguage":"es","potentialAction":[{"@type":"ReadAction","target":["https:\/\/avantcatedrainteruniversitaria.blogs.upv.es\/index.php\/publicaciones\/"]}]},{"@type":"BreadcrumbList","@id":"https:\/\/avantcatedrainteruniversitaria.blogs.upv.es\/index.php\/publicaciones\/#breadcrumb","itemListElement":[{"@type":"ListItem","position":1,"name":"Home","item":"https:\/\/avantcatedrainteruniversitaria.blogs.upv.es\/"},{"@type":"ListItem","position":2,"name":"Publicaciones"}]},{"@type":"WebSite","@id":"https:\/\/avantcatedrainteruniversitaria.blogs.upv.es\/#website","url":"https:\/\/avantcatedrainteruniversitaria.blogs.upv.es\/","name":"C\u00e1tedra Interuniversitaria AVANT","description":"Direcci\u00f3 General de l&#039;Administraci\u00f3 Local","publisher":{"@id":"https:\/\/avantcatedrainteruniversitaria.blogs.upv.es\/#organization"},"potentialAction":[{"@type":"SearchAction","target":{"@type":"EntryPoint","urlTemplate":"https:\/\/avantcatedrainteruniversitaria.blogs.upv.es\/?s={search_term_string}"},"query-input":{"@type":"PropertyValueSpecification","valueRequired":true,"valueName":"search_term_string"}}],"inLanguage":"es"},{"@type":"Organization","@id":"https:\/\/avantcatedrainteruniversitaria.blogs.upv.es\/#organization","name":"C\u00e1tedra Interuniversitaria AVANT","url":"https:\/\/avantcatedrainteruniversitaria.blogs.upv.es\/","logo":{"@type":"ImageObject","inLanguage":"es","@id":"https:\/\/avantcatedrainteruniversitaria.blogs.upv.es\/#\/schema\/logo\/image\/","url":"https:\/\/avantcatedrainteruniversitaria.blogs.upv.es\/wp-content\/uploads\/2026\/01\/cropped-AVANT-logo-1.png","contentUrl":"https:\/\/avantcatedrainteruniversitaria.blogs.upv.es\/wp-content\/uploads\/2026\/01\/cropped-AVANT-logo-1.png","width":512,"height":512,"caption":"C\u00e1tedra Interuniversitaria AVANT"},"image":{"@id":"https:\/\/avantcatedrainteruniversitaria.blogs.upv.es\/#\/schema\/logo\/image\/"}}]}},"_links":{"self":[{"href":"https:\/\/avantcatedrainteruniversitaria.blogs.upv.es\/index.php\/wp-json\/wp\/v2\/pages\/203","targetHints":{"allow":["GET"]}}],"collection":[{"href":"https:\/\/avantcatedrainteruniversitaria.blogs.upv.es\/index.php\/wp-json\/wp\/v2\/pages"}],"about":[{"href":"https:\/\/avantcatedrainteruniversitaria.blogs.upv.es\/index.php\/wp-json\/wp\/v2\/types\/page"}],"author":[{"embeddable":true,"href":"https:\/\/avantcatedrainteruniversitaria.blogs.upv.es\/index.php\/wp-json\/wp\/v2\/users\/1"}],"replies":[{"embeddable":true,"href":"https:\/\/avantcatedrainteruniversitaria.blogs.upv.es\/index.php\/wp-json\/wp\/v2\/comments?post=203"}],"version-history":[{"count":10,"href":"https:\/\/avantcatedrainteruniversitaria.blogs.upv.es\/index.php\/wp-json\/wp\/v2\/pages\/203\/revisions"}],"predecessor-version":[{"id":1241,"href":"https:\/\/avantcatedrainteruniversitaria.blogs.upv.es\/index.php\/wp-json\/wp\/v2\/pages\/203\/revisions\/1241"}],"wp:attachment":[{"href":"https:\/\/avantcatedrainteruniversitaria.blogs.upv.es\/index.php\/wp-json\/wp\/v2\/media?parent=203"}],"curies":[{"name":"wp","href":"https:\/\/api.w.org\/{rel}","templated":true}]}}