{"id":208,"date":"2022-06-25T15:15:01","date_gmt":"2022-06-25T15:15:01","guid":{"rendered":"https:\/\/avantcatedrainteruniversitaria.blogs.upv.es\/?page_id=208"},"modified":"2026-01-28T22:59:36","modified_gmt":"2026-01-28T21:59:36","slug":"agenda-avant","status":"publish","type":"page","link":"https:\/\/avantcatedrainteruniversitaria.blogs.upv.es\/index.php\/agenda-avant\/","title":{"rendered":"Enlaces de inter\u00e9s"},"content":{"rendered":"<div id=\"pl-208\"  class=\"panel-layout\" ><div id=\"pg-208-0\"  class=\"panel-grid panel-has-style\" ><div class=\"panel-row-style panel-row-style-for-208-0\" ><div id=\"pgc-208-0-0\"  class=\"panel-grid-cell\" ><div id=\"panel-208-0-0-0\" class=\"so-panel widget widget_siteorigin-panels-builder panel-first-child panel-last-child\" data-index=\"0\" ><div id=\"pl-w697a86c8ecc4e\"  class=\"panel-layout\" ><div id=\"pg-w697a86c8ecc4e-0\"  class=\"panel-grid panel-no-style\" ><div id=\"pgc-w697a86c8ecc4e-0-0\"  class=\"panel-grid-cell\" ><div id=\"panel-w697a86c8ecc4e-0-0-0\" class=\"so-panel widget widget_sow-image panel-first-child panel-last-child\" data-index=\"0\" ><div\n\t\t\t\n\t\t\tclass=\"so-widget-sow-image so-widget-sow-image-default-a258e6bfa2d8\"\n\t\t\t\n\t\t>\n<div class=\"sow-image-container\">\n\t\t\t<a href=\"https:\/\/avant.gva.es\/es\/que-es-avant\"\n\t\t\ttarget=\"_blank\" rel=\"noopener noreferrer\" \t\t>\n\t\t\t<img \n\tsrc=\"https:\/\/avantcatedrainteruniversitaria.blogs.upv.es\/wp-content\/uploads\/2026\/01\/AVANT-logo.png\" width=\"1697\" height=\"759\" srcset=\"https:\/\/avantcatedrainteruniversitaria.blogs.upv.es\/wp-content\/uploads\/2026\/01\/AVANT-logo.png 1697w, https:\/\/avantcatedrainteruniversitaria.blogs.upv.es\/wp-content\/uploads\/2026\/01\/AVANT-logo-300x134.png 300w, https:\/\/avantcatedrainteruniversitaria.blogs.upv.es\/wp-content\/uploads\/2026\/01\/AVANT-logo-1024x458.png 1024w, https:\/\/avantcatedrainteruniversitaria.blogs.upv.es\/wp-content\/uploads\/2026\/01\/AVANT-logo-768x343.png 768w, https:\/\/avantcatedrainteruniversitaria.blogs.upv.es\/wp-content\/uploads\/2026\/01\/AVANT-logo-1536x687.png 1536w\" sizes=\"(max-width: 1697px) 100vw, 1697px\" title=\"AVANT logo\" alt=\"C\u00e1tedras AVANT\" \t\tclass=\"so-widget-image\"\/>\n\t\t\t<\/a><\/div>\n\n<\/div><\/div><\/div><div id=\"pgc-w697a86c8ecc4e-0-1\"  class=\"panel-grid-cell\" ><div id=\"panel-w697a86c8ecc4e-0-1-0\" class=\"so-panel widget widget_sow-image panel-first-child panel-last-child\" data-index=\"1\" ><div\n\t\t\t\n\t\t\tclass=\"so-widget-sow-image so-widget-sow-image-default-a258e6bfa2d8\"\n\t\t\t\n\t\t>\n<div class=\"sow-image-container\">\n\t\t\t<a href=\"https:\/\/www.uji.es\/\"\n\t\t\ttarget=\"_blank\" rel=\"noopener noreferrer\" \t\t>\n\t\t\t<img \n\tsrc=\"https:\/\/avantcatedrainteruniversitaria.blogs.upv.es\/wp-content\/uploads\/2026\/01\/UJI.png\" width=\"205\" height=\"39\" sizes=\"(max-width: 205px) 100vw, 205px\" alt=\"\" \t\tclass=\"so-widget-image\"\/>\n\t\t\t<\/a><\/div>\n\n<\/div><\/div><\/div><div id=\"pgc-w697a86c8ecc4e-0-2\"  class=\"panel-grid-cell\" ><div id=\"panel-w697a86c8ecc4e-0-2-0\" class=\"so-panel widget widget_sow-image panel-first-child panel-last-child\" data-index=\"2\" ><div\n\t\t\t\n\t\t\tclass=\"so-widget-sow-image so-widget-sow-image-default-c67d20f9f743\"\n\t\t\t\n\t\t>\n<div class=\"sow-image-container\">\n\t\t\t<a href=\"https:\/\/www.upv.es\/index-es.html\"\n\t\t\ttarget=\"_blank\" rel=\"noopener noreferrer\" \t\t>\n\t\t\t<img \n\tsrc=\"https:\/\/avantcatedrainteruniversitaria.blogs.upv.es\/wp-content\/uploads\/2026\/01\/upv.png\" width=\"369\" height=\"119\" srcset=\"https:\/\/avantcatedrainteruniversitaria.blogs.upv.es\/wp-content\/uploads\/2026\/01\/upv.png 369w, https:\/\/avantcatedrainteruniversitaria.blogs.upv.es\/wp-content\/uploads\/2026\/01\/upv-300x97.png 300w\" sizes=\"(max-width: 369px) 100vw, 369px\" alt=\"\" \t\tclass=\"so-widget-image\"\/>\n\t\t\t<\/a><\/div>\n\n<\/div><\/div><\/div><\/div><div id=\"pg-w697a86c8ecc4e-1\"  class=\"panel-grid panel-no-style\" ><div id=\"pgc-w697a86c8ecc4e-1-0\"  class=\"panel-grid-cell\" ><div id=\"panel-w697a86c8ecc4e-1-0-0\" class=\"so-panel widget widget_sow-image panel-first-child panel-last-child\" data-index=\"3\" ><div\n\t\t\t\n\t\t\tclass=\"so-widget-sow-image so-widget-sow-image-default-c67d20f9f743\"\n\t\t\t\n\t\t>\n<div class=\"sow-image-container\">\n\t\t\t<a href=\"https:\/\/www.uv.es\/\"\n\t\t\ttarget=\"_blank\" rel=\"noopener noreferrer\" \t\t>\n\t\t\t<img \n\tsrc=\"https:\/\/avantcatedrainteruniversitaria.blogs.upv.es\/wp-content\/uploads\/2026\/01\/UV.jpg\" width=\"945\" height=\"258\" srcset=\"https:\/\/avantcatedrainteruniversitaria.blogs.upv.es\/wp-content\/uploads\/2026\/01\/UV.jpg 945w, https:\/\/avantcatedrainteruniversitaria.blogs.upv.es\/wp-content\/uploads\/2026\/01\/UV-300x82.jpg 300w, https:\/\/avantcatedrainteruniversitaria.blogs.upv.es\/wp-content\/uploads\/2026\/01\/UV-768x210.jpg 768w\" sizes=\"(max-width: 945px) 100vw, 945px\" alt=\"\" \t\tclass=\"so-widget-image\"\/>\n\t\t\t<\/a><\/div>\n\n<\/div><\/div><\/div><div id=\"pgc-w697a86c8ecc4e-1-1\"  class=\"panel-grid-cell\" ><div id=\"panel-w697a86c8ecc4e-1-1-0\" class=\"so-panel widget widget_sow-image panel-first-child panel-last-child\" data-index=\"4\" ><div\n\t\t\t\n\t\t\tclass=\"so-widget-sow-image so-widget-sow-image-default-c67d20f9f743\"\n\t\t\t\n\t\t>\n<div class=\"sow-image-container\">\n\t\t\t<a href=\"https:\/\/www.ua.es\/\"\n\t\t\ttarget=\"_blank\" rel=\"noopener noreferrer\" \t\t>\n\t\t\t<img \n\tsrc=\"https:\/\/avantcatedrainteruniversitaria.blogs.upv.es\/wp-content\/uploads\/2026\/01\/UA.jpg\" width=\"518\" height=\"87\" srcset=\"https:\/\/avantcatedrainteruniversitaria.blogs.upv.es\/wp-content\/uploads\/2026\/01\/UA.jpg 518w, https:\/\/avantcatedrainteruniversitaria.blogs.upv.es\/wp-content\/uploads\/2026\/01\/UA-300x50.jpg 300w\" sizes=\"(max-width: 518px) 100vw, 518px\" alt=\"\" \t\tclass=\"so-widget-image\"\/>\n\t\t\t<\/a><\/div>\n\n<\/div><\/div><\/div><div id=\"pgc-w697a86c8ecc4e-1-2\"  class=\"panel-grid-cell\" ><div id=\"panel-w697a86c8ecc4e-1-2-0\" class=\"so-panel widget widget_sow-image panel-first-child panel-last-child\" data-index=\"5\" ><div\n\t\t\t\n\t\t\tclass=\"so-widget-sow-image so-widget-sow-image-default-c67d20f9f743\"\n\t\t\t\n\t\t>\n<div class=\"sow-image-container\">\n\t\t\t<a href=\"https:\/\/www.umh.es\/\"\n\t\t\ttarget=\"_blank\" rel=\"noopener noreferrer\" \t\t>\n\t\t\t<img \n\tsrc=\"https:\/\/avantcatedrainteruniversitaria.blogs.upv.es\/wp-content\/uploads\/2026\/01\/umh3.png\" width=\"373\" height=\"135\" srcset=\"https:\/\/avantcatedrainteruniversitaria.blogs.upv.es\/wp-content\/uploads\/2026\/01\/umh3.png 373w, https:\/\/avantcatedrainteruniversitaria.blogs.upv.es\/wp-content\/uploads\/2026\/01\/umh3-300x109.png 300w\" sizes=\"(max-width: 373px) 100vw, 373px\" alt=\"\" \t\tclass=\"so-widget-image\"\/>\n\t\t\t<\/a><\/div>\n\n<\/div><\/div><\/div><\/div><div id=\"pg-w697a86c8ecc4e-2\"  class=\"panel-grid panel-no-style\" ><div id=\"pgc-w697a86c8ecc4e-2-0\"  class=\"panel-grid-cell\" ><div id=\"panel-w697a86c8ecc4e-2-0-0\" class=\"so-panel widget widget_sow-image panel-first-child panel-last-child\" data-index=\"6\" ><div\n\t\t\t\n\t\t\tclass=\"so-widget-sow-image so-widget-sow-image-default-a258e6bfa2d8\"\n\t\t\t\n\t\t>\n<div class=\"sow-image-container\">\n\t\t\t<a href=\"https:\/\/www.vivaces.org\/\"\n\t\t\ttarget=\"_blank\" rel=\"noopener noreferrer\" \t\t>\n\t\t\t<img \n\tsrc=\"https:\/\/avantcatedrainteruniversitaria.blogs.upv.es\/wp-content\/uploads\/2026\/01\/vivaces.jpg\" width=\"403\" height=\"125\" srcset=\"https:\/\/avantcatedrainteruniversitaria.blogs.upv.es\/wp-content\/uploads\/2026\/01\/vivaces.jpg 403w, https:\/\/avantcatedrainteruniversitaria.blogs.upv.es\/wp-content\/uploads\/2026\/01\/vivaces-300x93.jpg 300w\" sizes=\"(max-width: 403px) 100vw, 403px\" alt=\"\" \t\tclass=\"so-widget-image\"\/>\n\t\t\t<\/a><\/div>\n\n<\/div><\/div><\/div><div id=\"pgc-w697a86c8ecc4e-2-1\"  class=\"panel-grid-cell panel-grid-cell-empty panel-grid-cell-mobile-last\" ><\/div><div id=\"pgc-w697a86c8ecc4e-2-2\"  class=\"panel-grid-cell panel-grid-cell-empty\" ><\/div><\/div><\/div><\/div><\/div><\/div><\/div><\/div>","protected":false},"excerpt":{"rendered":"","protected":false},"author":1,"featured_media":813,"parent":0,"menu_order":0,"comment_status":"closed","ping_status":"closed","template":"","meta":{"neve_meta_sidebar":"","neve_meta_container":"","neve_meta_enable_content_width":"off","neve_meta_content_width":100,"neve_meta_title_alignment":"","neve_meta_author_avatar":"","neve_post_elements_order":"","neve_meta_disable_header":"","neve_meta_disable_footer":"","neve_meta_disable_title":"","footnotes":""},"class_list":["post-208","page","type-page","status-publish","has-post-thumbnail","hentry"],"yoast_head":"<!-- This site is optimized with the Yoast SEO plugin v27.3 - https:\/\/yoast.com\/product\/yoast-seo-wordpress\/ -->\n<title>Enlaces de inter\u00e9s - C\u00e1tedra Interuniversitaria AVANT<\/title>\n<meta name=\"robots\" content=\"index, follow, max-snippet:-1, max-image-preview:large, max-video-preview:-1\" \/>\n<link rel=\"canonical\" href=\"https:\/\/avantcatedrainteruniversitaria.blogs.upv.es\/index.php\/agenda-avant\/\" \/>\n<meta property=\"og:locale\" content=\"es_ES\" \/>\n<meta property=\"og:type\" content=\"article\" \/>\n<meta property=\"og:title\" content=\"Enlaces de inter\u00e9s - C\u00e1tedra Interuniversitaria AVANT\" \/>\n<meta property=\"og:url\" content=\"https:\/\/avantcatedrainteruniversitaria.blogs.upv.es\/index.php\/agenda-avant\/\" \/>\n<meta property=\"og:site_name\" content=\"C\u00e1tedra Interuniversitaria AVANT\" \/>\n<meta property=\"article:modified_time\" content=\"2026-01-28T21:59:36+00:00\" \/>\n<meta property=\"og:image\" content=\"https:\/\/avantcatedrainteruniversitaria.blogs.upv.es\/wp-content\/uploads\/2026\/01\/upv.png\" \/>\n\t<meta property=\"og:image:width\" content=\"369\" \/>\n\t<meta property=\"og:image:height\" content=\"119\" \/>\n\t<meta property=\"og:image:type\" content=\"image\/png\" \/>\n<meta name=\"twitter:card\" content=\"summary_large_image\" \/>\n<meta name=\"twitter:label1\" content=\"Tiempo de lectura\" \/>\n\t<meta name=\"twitter:data1\" content=\"2 minutos\" \/>\n<script type=\"application\/ld+json\" class=\"yoast-schema-graph\">{\"@context\":\"https:\\\/\\\/schema.org\",\"@graph\":[{\"@type\":\"WebPage\",\"@id\":\"https:\\\/\\\/avantcatedrainteruniversitaria.blogs.upv.es\\\/index.php\\\/agenda-avant\\\/\",\"url\":\"https:\\\/\\\/avantcatedrainteruniversitaria.blogs.upv.es\\\/index.php\\\/agenda-avant\\\/\",\"name\":\"Enlaces de inter\u00e9s - C\u00e1tedra Interuniversitaria AVANT\",\"isPartOf\":{\"@id\":\"https:\\\/\\\/avantcatedrainteruniversitaria.blogs.upv.es\\\/#website\"},\"primaryImageOfPage\":{\"@id\":\"https:\\\/\\\/avantcatedrainteruniversitaria.blogs.upv.es\\\/index.php\\\/agenda-avant\\\/#primaryimage\"},\"image\":{\"@id\":\"https:\\\/\\\/avantcatedrainteruniversitaria.blogs.upv.es\\\/index.php\\\/agenda-avant\\\/#primaryimage\"},\"thumbnailUrl\":\"https:\\\/\\\/avantcatedrainteruniversitaria.blogs.upv.es\\\/wp-content\\\/uploads\\\/2026\\\/01\\\/upv.png\",\"datePublished\":\"2022-06-25T15:15:01+00:00\",\"dateModified\":\"2026-01-28T21:59:36+00:00\",\"breadcrumb\":{\"@id\":\"https:\\\/\\\/avantcatedrainteruniversitaria.blogs.upv.es\\\/index.php\\\/agenda-avant\\\/#breadcrumb\"},\"inLanguage\":\"es\",\"potentialAction\":[{\"@type\":\"ReadAction\",\"target\":[\"https:\\\/\\\/avantcatedrainteruniversitaria.blogs.upv.es\\\/index.php\\\/agenda-avant\\\/\"]}]},{\"@type\":\"ImageObject\",\"inLanguage\":\"es\",\"@id\":\"https:\\\/\\\/avantcatedrainteruniversitaria.blogs.upv.es\\\/index.php\\\/agenda-avant\\\/#primaryimage\",\"url\":\"https:\\\/\\\/avantcatedrainteruniversitaria.blogs.upv.es\\\/wp-content\\\/uploads\\\/2026\\\/01\\\/upv.png\",\"contentUrl\":\"https:\\\/\\\/avantcatedrainteruniversitaria.blogs.upv.es\\\/wp-content\\\/uploads\\\/2026\\\/01\\\/upv.png\",\"width\":369,\"height\":119},{\"@type\":\"BreadcrumbList\",\"@id\":\"https:\\\/\\\/avantcatedrainteruniversitaria.blogs.upv.es\\\/index.php\\\/agenda-avant\\\/#breadcrumb\",\"itemListElement\":[{\"@type\":\"ListItem\",\"position\":1,\"name\":\"Home\",\"item\":\"https:\\\/\\\/avantcatedrainteruniversitaria.blogs.upv.es\\\/\"},{\"@type\":\"ListItem\",\"position\":2,\"name\":\"Enlaces de inter\u00e9s\"}]},{\"@type\":\"WebSite\",\"@id\":\"https:\\\/\\\/avantcatedrainteruniversitaria.blogs.upv.es\\\/#website\",\"url\":\"https:\\\/\\\/avantcatedrainteruniversitaria.blogs.upv.es\\\/\",\"name\":\"C\u00e1tedra Interuniversitaria AVANT\",\"description\":\"Direcci\u00f3 General de l&#039;Administraci\u00f3 Local\",\"publisher\":{\"@id\":\"https:\\\/\\\/avantcatedrainteruniversitaria.blogs.upv.es\\\/#organization\"},\"potentialAction\":[{\"@type\":\"SearchAction\",\"target\":{\"@type\":\"EntryPoint\",\"urlTemplate\":\"https:\\\/\\\/avantcatedrainteruniversitaria.blogs.upv.es\\\/?s={search_term_string}\"},\"query-input\":{\"@type\":\"PropertyValueSpecification\",\"valueRequired\":true,\"valueName\":\"search_term_string\"}}],\"inLanguage\":\"es\"},{\"@type\":\"Organization\",\"@id\":\"https:\\\/\\\/avantcatedrainteruniversitaria.blogs.upv.es\\\/#organization\",\"name\":\"C\u00e1tedra Interuniversitaria AVANT\",\"url\":\"https:\\\/\\\/avantcatedrainteruniversitaria.blogs.upv.es\\\/\",\"logo\":{\"@type\":\"ImageObject\",\"inLanguage\":\"es\",\"@id\":\"https:\\\/\\\/avantcatedrainteruniversitaria.blogs.upv.es\\\/#\\\/schema\\\/logo\\\/image\\\/\",\"url\":\"https:\\\/\\\/avantcatedrainteruniversitaria.blogs.upv.es\\\/wp-content\\\/uploads\\\/2026\\\/01\\\/cropped-AVANT-logo-1.png\",\"contentUrl\":\"https:\\\/\\\/avantcatedrainteruniversitaria.blogs.upv.es\\\/wp-content\\\/uploads\\\/2026\\\/01\\\/cropped-AVANT-logo-1.png\",\"width\":512,\"height\":512,\"caption\":\"C\u00e1tedra Interuniversitaria AVANT\"},\"image\":{\"@id\":\"https:\\\/\\\/avantcatedrainteruniversitaria.blogs.upv.es\\\/#\\\/schema\\\/logo\\\/image\\\/\"}}]}<\/script>\n<!-- \/ Yoast SEO plugin. -->","yoast_head_json":{"title":"Enlaces de inter\u00e9s - C\u00e1tedra Interuniversitaria AVANT","robots":{"index":"index","follow":"follow","max-snippet":"max-snippet:-1","max-image-preview":"max-image-preview:large","max-video-preview":"max-video-preview:-1"},"canonical":"https:\/\/avantcatedrainteruniversitaria.blogs.upv.es\/index.php\/agenda-avant\/","og_locale":"es_ES","og_type":"article","og_title":"Enlaces de inter\u00e9s - C\u00e1tedra Interuniversitaria AVANT","og_url":"https:\/\/avantcatedrainteruniversitaria.blogs.upv.es\/index.php\/agenda-avant\/","og_site_name":"C\u00e1tedra Interuniversitaria AVANT","article_modified_time":"2026-01-28T21:59:36+00:00","og_image":[{"width":369,"height":119,"url":"https:\/\/avantcatedrainteruniversitaria.blogs.upv.es\/wp-content\/uploads\/2026\/01\/upv.png","type":"image\/png"}],"twitter_card":"summary_large_image","twitter_misc":{"Tiempo de lectura":"2 minutos"},"schema":{"@context":"https:\/\/schema.org","@graph":[{"@type":"WebPage","@id":"https:\/\/avantcatedrainteruniversitaria.blogs.upv.es\/index.php\/agenda-avant\/","url":"https:\/\/avantcatedrainteruniversitaria.blogs.upv.es\/index.php\/agenda-avant\/","name":"Enlaces de inter\u00e9s - C\u00e1tedra Interuniversitaria AVANT","isPartOf":{"@id":"https:\/\/avantcatedrainteruniversitaria.blogs.upv.es\/#website"},"primaryImageOfPage":{"@id":"https:\/\/avantcatedrainteruniversitaria.blogs.upv.es\/index.php\/agenda-avant\/#primaryimage"},"image":{"@id":"https:\/\/avantcatedrainteruniversitaria.blogs.upv.es\/index.php\/agenda-avant\/#primaryimage"},"thumbnailUrl":"https:\/\/avantcatedrainteruniversitaria.blogs.upv.es\/wp-content\/uploads\/2026\/01\/upv.png","datePublished":"2022-06-25T15:15:01+00:00","dateModified":"2026-01-28T21:59:36+00:00","breadcrumb":{"@id":"https:\/\/avantcatedrainteruniversitaria.blogs.upv.es\/index.php\/agenda-avant\/#breadcrumb"},"inLanguage":"es","potentialAction":[{"@type":"ReadAction","target":["https:\/\/avantcatedrainteruniversitaria.blogs.upv.es\/index.php\/agenda-avant\/"]}]},{"@type":"ImageObject","inLanguage":"es","@id":"https:\/\/avantcatedrainteruniversitaria.blogs.upv.es\/index.php\/agenda-avant\/#primaryimage","url":"https:\/\/avantcatedrainteruniversitaria.blogs.upv.es\/wp-content\/uploads\/2026\/01\/upv.png","contentUrl":"https:\/\/avantcatedrainteruniversitaria.blogs.upv.es\/wp-content\/uploads\/2026\/01\/upv.png","width":369,"height":119},{"@type":"BreadcrumbList","@id":"https:\/\/avantcatedrainteruniversitaria.blogs.upv.es\/index.php\/agenda-avant\/#breadcrumb","itemListElement":[{"@type":"ListItem","position":1,"name":"Home","item":"https:\/\/avantcatedrainteruniversitaria.blogs.upv.es\/"},{"@type":"ListItem","position":2,"name":"Enlaces de inter\u00e9s"}]},{"@type":"WebSite","@id":"https:\/\/avantcatedrainteruniversitaria.blogs.upv.es\/#website","url":"https:\/\/avantcatedrainteruniversitaria.blogs.upv.es\/","name":"C\u00e1tedra Interuniversitaria AVANT","description":"Direcci\u00f3 General de l&#039;Administraci\u00f3 Local","publisher":{"@id":"https:\/\/avantcatedrainteruniversitaria.blogs.upv.es\/#organization"},"potentialAction":[{"@type":"SearchAction","target":{"@type":"EntryPoint","urlTemplate":"https:\/\/avantcatedrainteruniversitaria.blogs.upv.es\/?s={search_term_string}"},"query-input":{"@type":"PropertyValueSpecification","valueRequired":true,"valueName":"search_term_string"}}],"inLanguage":"es"},{"@type":"Organization","@id":"https:\/\/avantcatedrainteruniversitaria.blogs.upv.es\/#organization","name":"C\u00e1tedra Interuniversitaria AVANT","url":"https:\/\/avantcatedrainteruniversitaria.blogs.upv.es\/","logo":{"@type":"ImageObject","inLanguage":"es","@id":"https:\/\/avantcatedrainteruniversitaria.blogs.upv.es\/#\/schema\/logo\/image\/","url":"https:\/\/avantcatedrainteruniversitaria.blogs.upv.es\/wp-content\/uploads\/2026\/01\/cropped-AVANT-logo-1.png","contentUrl":"https:\/\/avantcatedrainteruniversitaria.blogs.upv.es\/wp-content\/uploads\/2026\/01\/cropped-AVANT-logo-1.png","width":512,"height":512,"caption":"C\u00e1tedra Interuniversitaria AVANT"},"image":{"@id":"https:\/\/avantcatedrainteruniversitaria.blogs.upv.es\/#\/schema\/logo\/image\/"}}]}},"_links":{"self":[{"href":"https:\/\/avantcatedrainteruniversitaria.blogs.upv.es\/index.php\/wp-json\/wp\/v2\/pages\/208","targetHints":{"allow":["GET"]}}],"collection":[{"href":"https:\/\/avantcatedrainteruniversitaria.blogs.upv.es\/index.php\/wp-json\/wp\/v2\/pages"}],"about":[{"href":"https:\/\/avantcatedrainteruniversitaria.blogs.upv.es\/index.php\/wp-json\/wp\/v2\/types\/page"}],"author":[{"embeddable":true,"href":"https:\/\/avantcatedrainteruniversitaria.blogs.upv.es\/index.php\/wp-json\/wp\/v2\/users\/1"}],"replies":[{"embeddable":true,"href":"https:\/\/avantcatedrainteruniversitaria.blogs.upv.es\/index.php\/wp-json\/wp\/v2\/comments?post=208"}],"version-history":[{"count":14,"href":"https:\/\/avantcatedrainteruniversitaria.blogs.upv.es\/index.php\/wp-json\/wp\/v2\/pages\/208\/revisions"}],"predecessor-version":[{"id":711,"href":"https:\/\/avantcatedrainteruniversitaria.blogs.upv.es\/index.php\/wp-json\/wp\/v2\/pages\/208\/revisions\/711"}],"wp:featuredmedia":[{"embeddable":true,"href":"https:\/\/avantcatedrainteruniversitaria.blogs.upv.es\/index.php\/wp-json\/wp\/v2\/media\/813"}],"wp:attachment":[{"href":"https:\/\/avantcatedrainteruniversitaria.blogs.upv.es\/index.php\/wp-json\/wp\/v2\/media?parent=208"}],"curies":[{"name":"wp","href":"https:\/\/api.w.org\/{rel}","templated":true}]}}