{"id":225,"date":"2022-06-25T16:11:38","date_gmt":"2022-06-25T16:11:38","guid":{"rendered":"https:\/\/avantcatedrainteruniversitaria.blogs.upv.es\/?page_id=225"},"modified":"2026-01-30T18:21:15","modified_gmt":"2026-01-30T17:21:15","slug":"contacto","status":"publish","type":"page","link":"https:\/\/avantcatedrainteruniversitaria.blogs.upv.es\/index.php\/contacto\/","title":{"rendered":"Contacto"},"content":{"rendered":"<div id=\"pl-225\"  class=\"panel-layout\" ><div id=\"pg-225-0\"  class=\"panel-grid panel-has-style\" ><div class=\"siteorigin-panels-stretch panel-row-style panel-row-style-for-225-0\" data-stretch-type=\"full\" ><div id=\"pgc-225-0-0\"  class=\"panel-grid-cell\" ><div id=\"panel-225-0-0-0\" class=\"so-panel widget widget_sow-social-media-buttons panel-first-child panel-last-child\" data-index=\"0\" ><div\n\t\t\t\n\t\t\tclass=\"so-widget-sow-social-media-buttons so-widget-sow-social-media-buttons-atom-ba54e6560cd6-225\"\n\t\t\t\n\t\t>\n\n<div class=\"social-media-button-container\">\n\t\n\t\t<a \n\t\tclass=\"ow-button-hover sow-social-media-button-facebook-0 sow-social-media-button\" title=\"C\u00e1tedra Interuniversitaria AVANT en Facebook\" aria-label=\"C\u00e1tedra Interuniversitaria AVANT en Facebook\" target=\"_blank\" rel=\"noopener noreferrer\" href=\"https:\/\/www.facebook.com\/share\/1DW19kDL8d\/?mibextid=wwXIfr\" \t\t>\n\t\t\t<span>\n\t\t\t\t\t\t\t\t<span class=\"sow-icon-fontawesome sow-fab\" data-sow-icon=\"&#xf39e;\"\n\t\t \n\t\taria-hidden=\"true\"><\/span>\t\t\t\t\t\t\t<\/span>\n\t\t<\/a>\n\t\n\t\t<a \n\t\tclass=\"ow-button-hover sow-social-media-button-x-twitter-0 sow-social-media-button\" title=\"C\u00e1tedra Interuniversitaria AVANT en X Twitter\" aria-label=\"C\u00e1tedra Interuniversitaria AVANT en X Twitter\" target=\"_blank\" rel=\"noopener noreferrer\" href=\"https:\/\/x.com\/avantgva?s=11&#038;t=j4XYDYs6pdsA5fVeR42T3g\" \t\t>\n\t\t\t<span>\n\t\t\t\t\t\t\t\t<span class=\"sow-icon-fontawesome sow-fab\" data-sow-icon=\"&#xe61b;\"\n\t\t \n\t\taria-hidden=\"true\"><\/span>\t\t\t\t\t\t\t<\/span>\n\t\t<\/a>\n\t\n\t\t<a \n\t\tclass=\"ow-button-hover sow-social-media-button-instagram-0 sow-social-media-button\" title=\"C\u00e1tedra Interuniversitaria AVANT en Instagram\" aria-label=\"C\u00e1tedra Interuniversitaria AVANT en Instagram\" target=\"_blank\" rel=\"noopener noreferrer\" href=\"https:\/\/www.instagram.com\/catavant_gva?igsh=MTkwMnA3aDY1NWtqMQ==\" \t\t>\n\t\t\t<span>\n\t\t\t\t\t\t\t\t<span class=\"sow-icon-fontawesome sow-fab\" data-sow-icon=\"&#xf16d;\"\n\t\t \n\t\taria-hidden=\"true\"><\/span>\t\t\t\t\t\t\t<\/span>\n\t\t<\/a>\n\t\n\t\t<a \n\t\tclass=\"ow-button-hover sow-social-media-button-linkedin-0 sow-social-media-button\" title=\"C\u00e1tedra Interuniversitaria AVANT en Linkedin\" aria-label=\"C\u00e1tedra Interuniversitaria AVANT en Linkedin\" target=\"_blank\" rel=\"noopener noreferrer\" href=\"https:\/\/www.linkedin.com\/in\/catedras-avant\/\" \t\t>\n\t\t\t<span>\n\t\t\t\t\t\t\t\t<span class=\"sow-icon-fontawesome sow-fab\" data-sow-icon=\"&#xf0e1;\"\n\t\t \n\t\taria-hidden=\"true\"><\/span>\t\t\t\t\t\t\t<\/span>\n\t\t<\/a>\n\t<\/div>\n<\/div><\/div><\/div><div id=\"pgc-225-0-1\"  class=\"panel-grid-cell\" ><div id=\"panel-225-0-1-0\" class=\"so-panel widget widget_sow-contact-form panel-first-child panel-last-child\" data-index=\"1\" ><div\n\t\t\t\n\t\t\tclass=\"so-widget-sow-contact-form so-widget-sow-contact-form-default-5e635355d98f-225\"\n\t\t\t\n\t\t>\t<form\n\t\taction=\"\/index.php\/wp-json\/wp\/v2\/pages\/225\"\n\t\tmethod=\"POST\"\n\t\tclass=\"sow-contact-form\"\n\t\tid=\"contact-form-8961\"\n\t>\n\n\t\t\n\t\t\t\t\t<div class=\"sow-form-field sow-form-field-name\">\n\t\t\t\t<label class=\"sow-form-field-label-above\" for=\"sow-contact-form-field-nombre-1\">\n\t\t\t\t<strong>\n\t\t\t\t\tNombre\t\t\t\t\t\t\t\t\t<\/strong>\n\t\t\t<\/label>\n\t\t\t\t\t\t\t<div class=\"sow-field-container\">\n\t\t\t\t\t\t\t<input\n\t\t\ttype=\"text\"\n\t\t\tname=\"nombre-1\"\n\t\t\tid=\"sow-contact-form-field-nombre-1\"\n\t\t\tvalue=\"\"\n\t\t\tclass=\"sow-text-field\"\n\t\t\t\t\t\t\t\t\/>\n\t\t\t\t\t\t<\/div>\n\t\t\t\t\t\t\t<\/div>\n\t\t\t\t\t\t<div class=\"sow-form-field sow-form-field-email\">\n\t\t\t\t<label class=\"sow-form-field-label-above\" for=\"sow-contact-form-field-e-mail-1\">\n\t\t\t\t<strong>\n\t\t\t\t\te-mail\t\t\t\t\t\t\t\t\t<\/strong>\n\t\t\t<\/label>\n\t\t\t\t\t\t\t<div class=\"sow-field-container\">\n\t\t\t\t\t\t\t<input\n\t\t\ttype=\"email\"\n\t\t\tname=\"e-mail-1\"\n\t\t\tid=\"sow-contact-form-field-e-mail-1\"\n\t\t\tvalue=\"\"\n\t\t\tclass=\"sow-text-field\"\t\t\t\t\t\t\t\t\/>\n\t\t\t\t\t\t<\/div>\n\t\t\t\t\t\t\t<\/div>\n\t\t\t\t\t\t<div class=\"sow-form-field sow-form-field-subject\">\n\t\t\t\t<label class=\"sow-form-field-label-above\" for=\"sow-contact-form-field-asunto-1\">\n\t\t\t\t<strong>\n\t\t\t\t\tAsunto\t\t\t\t\t\t\t\t\t<\/strong>\n\t\t\t<\/label>\n\t\t\t\t\t\t\t<div class=\"sow-field-container\">\n\t\t\t\t\t\t\t<input\n\t\t\ttype=\"text\"\n\t\t\tname=\"asunto-1\"\n\t\t\tid=\"sow-contact-form-field-asunto-1\"\n\t\t\tvalue=\"\"\n\t\t\tclass=\"sow-text-field\"\n\t\t\t\t\t\t\t\t\/>\n\t\t\t\t\t\t<\/div>\n\t\t\t\t\t\t\t<\/div>\n\t\t\t\t\t\t<div class=\"sow-form-field sow-form-field-textarea\">\n\t\t\t\t<label class=\"sow-form-field-label-above\" for=\"sow-contact-form-field-area-de-texto-1\">\n\t\t\t\t<strong>\n\t\t\t\t\t\u00c1rea de texto\t\t\t\t\t\t\t\t\t<\/strong>\n\t\t\t<\/label>\n\t\t\t\t\t\t\t<div class=\"sow-field-container\">\n\t\t\t\t\t\t\t<textarea\n\t\t\tname=\"area-de-texto-1\"\n\t\t\tid=\"sow-contact-form-field-area-de-texto-1\"\n\t\t\trows=\"10\"\n\t\t\t\t\t\t\t\t><\/textarea>\n\t\t\t\t\t\t<\/div>\n\t\t\t\t\t\t\t<\/div>\n\t\t\t\n\t\t\n\t\t<div class=\"sow-submit-wrapper \n\t\tsow-submit-styled\t\t\">\n\n\t\t\t<button\n\t\t\t\ttype=\"submit\"\n\t\t\t\tclass=\"sow-submit\n\t\t\t\t\t\t\t\t\"\n\t\t\t\t\t\t\t>\n\t\t\t\tContact Us\t\t\t<\/button>\n\t\t<\/div>\n\t\t\t\t<input\n\t\t\ttype=\"hidden\"\n\t\t\tname=\"instance_hash-1\"\n\t\t\tvalue=\"89613779\"\n\t\t\/>\n\n\t\t<input type=\"hidden\" id=\"_wpnonce\" name=\"_wpnonce\" value=\"a472cc5b4e\" \/><input type=\"hidden\" name=\"_wp_http_referer\" value=\"\/index.php\/wp-json\/wp\/v2\/pages\/225\" \/>\t<\/form>\n\t<\/div><\/div><\/div><\/div><\/div><\/div>","protected":false},"excerpt":{"rendered":"<p>Nombre e-mail Asunto \u00c1rea de texto Contact Us<\/p>\n","protected":false},"author":1,"featured_media":0,"parent":0,"menu_order":0,"comment_status":"closed","ping_status":"closed","template":"","meta":{"neve_meta_sidebar":"","neve_meta_container":"","neve_meta_enable_content_width":"off","neve_meta_content_width":100,"neve_meta_title_alignment":"","neve_meta_author_avatar":"","neve_post_elements_order":"","neve_meta_disable_header":"","neve_meta_disable_footer":"","neve_meta_disable_title":"on","footnotes":""},"class_list":["post-225","page","type-page","status-publish","hentry"],"yoast_head":"<!-- This site is optimized with the Yoast SEO plugin v27.3 - https:\/\/yoast.com\/product\/yoast-seo-wordpress\/ -->\n<title>Contacto - C\u00e1tedra Interuniversitaria AVANT<\/title>\n<meta name=\"robots\" content=\"index, follow, max-snippet:-1, max-image-preview:large, max-video-preview:-1\" \/>\n<link rel=\"canonical\" href=\"https:\/\/avantcatedrainteruniversitaria.blogs.upv.es\/index.php\/contacto\/\" \/>\n<meta property=\"og:locale\" content=\"es_ES\" \/>\n<meta property=\"og:type\" content=\"article\" \/>\n<meta property=\"og:title\" content=\"Contacto - C\u00e1tedra Interuniversitaria AVANT\" \/>\n<meta property=\"og:description\" content=\"Nombre e-mail Asunto \u00c1rea de texto Contact Us\" \/>\n<meta property=\"og:url\" content=\"https:\/\/avantcatedrainteruniversitaria.blogs.upv.es\/index.php\/contacto\/\" \/>\n<meta property=\"og:site_name\" content=\"C\u00e1tedra Interuniversitaria AVANT\" \/>\n<meta property=\"article:modified_time\" content=\"2026-01-30T17:21:15+00:00\" \/>\n<meta name=\"twitter:card\" content=\"summary_large_image\" \/>\n<meta name=\"twitter:label1\" content=\"Tiempo de lectura\" \/>\n\t<meta name=\"twitter:data1\" content=\"1 minuto\" \/>\n<script type=\"application\/ld+json\" class=\"yoast-schema-graph\">{\"@context\":\"https:\\\/\\\/schema.org\",\"@graph\":[{\"@type\":\"WebPage\",\"@id\":\"https:\\\/\\\/avantcatedrainteruniversitaria.blogs.upv.es\\\/index.php\\\/contacto\\\/\",\"url\":\"https:\\\/\\\/avantcatedrainteruniversitaria.blogs.upv.es\\\/index.php\\\/contacto\\\/\",\"name\":\"Contacto - C\u00e1tedra Interuniversitaria AVANT\",\"isPartOf\":{\"@id\":\"https:\\\/\\\/avantcatedrainteruniversitaria.blogs.upv.es\\\/#website\"},\"datePublished\":\"2022-06-25T16:11:38+00:00\",\"dateModified\":\"2026-01-30T17:21:15+00:00\",\"breadcrumb\":{\"@id\":\"https:\\\/\\\/avantcatedrainteruniversitaria.blogs.upv.es\\\/index.php\\\/contacto\\\/#breadcrumb\"},\"inLanguage\":\"es\",\"potentialAction\":[{\"@type\":\"ReadAction\",\"target\":[\"https:\\\/\\\/avantcatedrainteruniversitaria.blogs.upv.es\\\/index.php\\\/contacto\\\/\"]}]},{\"@type\":\"BreadcrumbList\",\"@id\":\"https:\\\/\\\/avantcatedrainteruniversitaria.blogs.upv.es\\\/index.php\\\/contacto\\\/#breadcrumb\",\"itemListElement\":[{\"@type\":\"ListItem\",\"position\":1,\"name\":\"Home\",\"item\":\"https:\\\/\\\/avantcatedrainteruniversitaria.blogs.upv.es\\\/\"},{\"@type\":\"ListItem\",\"position\":2,\"name\":\"Contacto\"}]},{\"@type\":\"WebSite\",\"@id\":\"https:\\\/\\\/avantcatedrainteruniversitaria.blogs.upv.es\\\/#website\",\"url\":\"https:\\\/\\\/avantcatedrainteruniversitaria.blogs.upv.es\\\/\",\"name\":\"C\u00e1tedra Interuniversitaria AVANT\",\"description\":\"Direcci\u00f3 General de l&#039;Administraci\u00f3 Local\",\"publisher\":{\"@id\":\"https:\\\/\\\/avantcatedrainteruniversitaria.blogs.upv.es\\\/#organization\"},\"potentialAction\":[{\"@type\":\"SearchAction\",\"target\":{\"@type\":\"EntryPoint\",\"urlTemplate\":\"https:\\\/\\\/avantcatedrainteruniversitaria.blogs.upv.es\\\/?s={search_term_string}\"},\"query-input\":{\"@type\":\"PropertyValueSpecification\",\"valueRequired\":true,\"valueName\":\"search_term_string\"}}],\"inLanguage\":\"es\"},{\"@type\":\"Organization\",\"@id\":\"https:\\\/\\\/avantcatedrainteruniversitaria.blogs.upv.es\\\/#organization\",\"name\":\"C\u00e1tedra Interuniversitaria AVANT\",\"url\":\"https:\\\/\\\/avantcatedrainteruniversitaria.blogs.upv.es\\\/\",\"logo\":{\"@type\":\"ImageObject\",\"inLanguage\":\"es\",\"@id\":\"https:\\\/\\\/avantcatedrainteruniversitaria.blogs.upv.es\\\/#\\\/schema\\\/logo\\\/image\\\/\",\"url\":\"https:\\\/\\\/avantcatedrainteruniversitaria.blogs.upv.es\\\/wp-content\\\/uploads\\\/2026\\\/01\\\/cropped-AVANT-logo-1.png\",\"contentUrl\":\"https:\\\/\\\/avantcatedrainteruniversitaria.blogs.upv.es\\\/wp-content\\\/uploads\\\/2026\\\/01\\\/cropped-AVANT-logo-1.png\",\"width\":512,\"height\":512,\"caption\":\"C\u00e1tedra Interuniversitaria AVANT\"},\"image\":{\"@id\":\"https:\\\/\\\/avantcatedrainteruniversitaria.blogs.upv.es\\\/#\\\/schema\\\/logo\\\/image\\\/\"}}]}<\/script>\n<!-- \/ Yoast SEO plugin. -->","yoast_head_json":{"title":"Contacto - C\u00e1tedra Interuniversitaria AVANT","robots":{"index":"index","follow":"follow","max-snippet":"max-snippet:-1","max-image-preview":"max-image-preview:large","max-video-preview":"max-video-preview:-1"},"canonical":"https:\/\/avantcatedrainteruniversitaria.blogs.upv.es\/index.php\/contacto\/","og_locale":"es_ES","og_type":"article","og_title":"Contacto - C\u00e1tedra Interuniversitaria AVANT","og_description":"Nombre e-mail Asunto \u00c1rea de texto Contact Us","og_url":"https:\/\/avantcatedrainteruniversitaria.blogs.upv.es\/index.php\/contacto\/","og_site_name":"C\u00e1tedra Interuniversitaria AVANT","article_modified_time":"2026-01-30T17:21:15+00:00","twitter_card":"summary_large_image","twitter_misc":{"Tiempo de lectura":"1 minuto"},"schema":{"@context":"https:\/\/schema.org","@graph":[{"@type":"WebPage","@id":"https:\/\/avantcatedrainteruniversitaria.blogs.upv.es\/index.php\/contacto\/","url":"https:\/\/avantcatedrainteruniversitaria.blogs.upv.es\/index.php\/contacto\/","name":"Contacto - C\u00e1tedra Interuniversitaria AVANT","isPartOf":{"@id":"https:\/\/avantcatedrainteruniversitaria.blogs.upv.es\/#website"},"datePublished":"2022-06-25T16:11:38+00:00","dateModified":"2026-01-30T17:21:15+00:00","breadcrumb":{"@id":"https:\/\/avantcatedrainteruniversitaria.blogs.upv.es\/index.php\/contacto\/#breadcrumb"},"inLanguage":"es","potentialAction":[{"@type":"ReadAction","target":["https:\/\/avantcatedrainteruniversitaria.blogs.upv.es\/index.php\/contacto\/"]}]},{"@type":"BreadcrumbList","@id":"https:\/\/avantcatedrainteruniversitaria.blogs.upv.es\/index.php\/contacto\/#breadcrumb","itemListElement":[{"@type":"ListItem","position":1,"name":"Home","item":"https:\/\/avantcatedrainteruniversitaria.blogs.upv.es\/"},{"@type":"ListItem","position":2,"name":"Contacto"}]},{"@type":"WebSite","@id":"https:\/\/avantcatedrainteruniversitaria.blogs.upv.es\/#website","url":"https:\/\/avantcatedrainteruniversitaria.blogs.upv.es\/","name":"C\u00e1tedra Interuniversitaria AVANT","description":"Direcci\u00f3 General de l&#039;Administraci\u00f3 Local","publisher":{"@id":"https:\/\/avantcatedrainteruniversitaria.blogs.upv.es\/#organization"},"potentialAction":[{"@type":"SearchAction","target":{"@type":"EntryPoint","urlTemplate":"https:\/\/avantcatedrainteruniversitaria.blogs.upv.es\/?s={search_term_string}"},"query-input":{"@type":"PropertyValueSpecification","valueRequired":true,"valueName":"search_term_string"}}],"inLanguage":"es"},{"@type":"Organization","@id":"https:\/\/avantcatedrainteruniversitaria.blogs.upv.es\/#organization","name":"C\u00e1tedra Interuniversitaria AVANT","url":"https:\/\/avantcatedrainteruniversitaria.blogs.upv.es\/","logo":{"@type":"ImageObject","inLanguage":"es","@id":"https:\/\/avantcatedrainteruniversitaria.blogs.upv.es\/#\/schema\/logo\/image\/","url":"https:\/\/avantcatedrainteruniversitaria.blogs.upv.es\/wp-content\/uploads\/2026\/01\/cropped-AVANT-logo-1.png","contentUrl":"https:\/\/avantcatedrainteruniversitaria.blogs.upv.es\/wp-content\/uploads\/2026\/01\/cropped-AVANT-logo-1.png","width":512,"height":512,"caption":"C\u00e1tedra Interuniversitaria AVANT"},"image":{"@id":"https:\/\/avantcatedrainteruniversitaria.blogs.upv.es\/#\/schema\/logo\/image\/"}}]}},"_links":{"self":[{"href":"https:\/\/avantcatedrainteruniversitaria.blogs.upv.es\/index.php\/wp-json\/wp\/v2\/pages\/225","targetHints":{"allow":["GET"]}}],"collection":[{"href":"https:\/\/avantcatedrainteruniversitaria.blogs.upv.es\/index.php\/wp-json\/wp\/v2\/pages"}],"about":[{"href":"https:\/\/avantcatedrainteruniversitaria.blogs.upv.es\/index.php\/wp-json\/wp\/v2\/types\/page"}],"author":[{"embeddable":true,"href":"https:\/\/avantcatedrainteruniversitaria.blogs.upv.es\/index.php\/wp-json\/wp\/v2\/users\/1"}],"replies":[{"embeddable":true,"href":"https:\/\/avantcatedrainteruniversitaria.blogs.upv.es\/index.php\/wp-json\/wp\/v2\/comments?post=225"}],"version-history":[{"count":11,"href":"https:\/\/avantcatedrainteruniversitaria.blogs.upv.es\/index.php\/wp-json\/wp\/v2\/pages\/225\/revisions"}],"predecessor-version":[{"id":709,"href":"https:\/\/avantcatedrainteruniversitaria.blogs.upv.es\/index.php\/wp-json\/wp\/v2\/pages\/225\/revisions\/709"}],"wp:attachment":[{"href":"https:\/\/avantcatedrainteruniversitaria.blogs.upv.es\/index.php\/wp-json\/wp\/v2\/media?parent=225"}],"curies":[{"name":"wp","href":"https:\/\/api.w.org\/{rel}","templated":true}]}}