{"id":896,"date":"2026-01-28T20:21:03","date_gmt":"2026-01-28T20:21:03","guid":{"rendered":"https:\/\/avantcatedrainteruniversitaria.blogs.upv.es\/?page_id=896"},"modified":"2026-02-09T13:58:25","modified_gmt":"2026-02-09T12:58:25","slug":"avant-en-cifras","status":"publish","type":"page","link":"https:\/\/avantcatedrainteruniversitaria.blogs.upv.es\/index.php\/avant-en-cifras\/","title":{"rendered":"AVANT en cifras"},"content":{"rendered":"<div id=\"pl-896\"  class=\"panel-layout\" ><div id=\"pg-896-0\"  class=\"panel-grid panel-no-style\" ><div id=\"pgc-896-0-0\"  class=\"panel-grid-cell\" ><div id=\"panel-896-0-0-0\" class=\"widget_text so-panel widget widget_custom_html panel-first-child panel-last-child\" data-index=\"0\" ><h3 class=\"widget-title\">Paneles interactivos<\/h3><div class=\"textwidget custom-html-widget\"><iframe loading=\"lazy\"\n  title=\"Paneles interactivos\"\n  src=\"https:\/\/app.powerbi.com\/view?r=eyJrIjoiNjg4YTkyZmUtOTUyOC00ZGVjLTlhOWMtOTQwZmEzY2NiMTQ5IiwidCI6ImJlNDY1NWRmLWFjNzMtNDAxZi1hN2FlLTE5OGMzYjcyZDBjNiIsImMiOjh9\"\n  width=\"100%\"\n  height=\"750\"\n  frameborder=\"0\"\n  allowfullscreen>\n<\/iframe>\n<\/div><\/div><\/div><\/div><\/div>","protected":false},"excerpt":{"rendered":"<p>Paneles interactivos<\/p>\n","protected":false},"author":2,"featured_media":0,"parent":0,"menu_order":0,"comment_status":"closed","ping_status":"closed","template":"","meta":{"neve_meta_sidebar":"","neve_meta_container":"","neve_meta_enable_content_width":"off","neve_meta_content_width":100,"neve_meta_title_alignment":"","neve_meta_author_avatar":"","neve_post_elements_order":"","neve_meta_disable_header":"","neve_meta_disable_footer":"","neve_meta_disable_title":"on","footnotes":""},"class_list":["post-896","page","type-page","status-publish","hentry"],"yoast_head":"<!-- This site is optimized with the Yoast SEO plugin v27.3 - https:\/\/yoast.com\/product\/yoast-seo-wordpress\/ -->\n<title>AVANT en cifras - C\u00e1tedra Interuniversitaria AVANT<\/title>\n<meta name=\"robots\" content=\"index, follow, max-snippet:-1, max-image-preview:large, max-video-preview:-1\" \/>\n<link rel=\"canonical\" href=\"https:\/\/avantcatedrainteruniversitaria.blogs.upv.es\/index.php\/avant-en-cifras\/\" \/>\n<meta property=\"og:locale\" content=\"es_ES\" \/>\n<meta property=\"og:type\" content=\"article\" \/>\n<meta property=\"og:title\" content=\"AVANT en cifras - C\u00e1tedra Interuniversitaria AVANT\" \/>\n<meta property=\"og:description\" content=\"Paneles interactivos\" \/>\n<meta property=\"og:url\" content=\"https:\/\/avantcatedrainteruniversitaria.blogs.upv.es\/index.php\/avant-en-cifras\/\" \/>\n<meta property=\"og:site_name\" content=\"C\u00e1tedra Interuniversitaria AVANT\" \/>\n<meta property=\"article:modified_time\" content=\"2026-02-09T12:58:25+00:00\" \/>\n<meta name=\"twitter:card\" content=\"summary_large_image\" \/>\n<meta name=\"twitter:label1\" content=\"Tiempo de lectura\" \/>\n\t<meta name=\"twitter:data1\" content=\"1 minuto\" \/>\n<script type=\"application\/ld+json\" class=\"yoast-schema-graph\">{\"@context\":\"https:\\\/\\\/schema.org\",\"@graph\":[{\"@type\":\"WebPage\",\"@id\":\"https:\\\/\\\/avantcatedrainteruniversitaria.blogs.upv.es\\\/index.php\\\/avant-en-cifras\\\/\",\"url\":\"https:\\\/\\\/avantcatedrainteruniversitaria.blogs.upv.es\\\/index.php\\\/avant-en-cifras\\\/\",\"name\":\"AVANT en cifras - C\u00e1tedra Interuniversitaria AVANT\",\"isPartOf\":{\"@id\":\"https:\\\/\\\/avantcatedrainteruniversitaria.blogs.upv.es\\\/#website\"},\"datePublished\":\"2026-01-28T20:21:03+00:00\",\"dateModified\":\"2026-02-09T12:58:25+00:00\",\"breadcrumb\":{\"@id\":\"https:\\\/\\\/avantcatedrainteruniversitaria.blogs.upv.es\\\/index.php\\\/avant-en-cifras\\\/#breadcrumb\"},\"inLanguage\":\"es\",\"potentialAction\":[{\"@type\":\"ReadAction\",\"target\":[\"https:\\\/\\\/avantcatedrainteruniversitaria.blogs.upv.es\\\/index.php\\\/avant-en-cifras\\\/\"]}]},{\"@type\":\"BreadcrumbList\",\"@id\":\"https:\\\/\\\/avantcatedrainteruniversitaria.blogs.upv.es\\\/index.php\\\/avant-en-cifras\\\/#breadcrumb\",\"itemListElement\":[{\"@type\":\"ListItem\",\"position\":1,\"name\":\"Home\",\"item\":\"https:\\\/\\\/avantcatedrainteruniversitaria.blogs.upv.es\\\/\"},{\"@type\":\"ListItem\",\"position\":2,\"name\":\"AVANT en cifras\"}]},{\"@type\":\"WebSite\",\"@id\":\"https:\\\/\\\/avantcatedrainteruniversitaria.blogs.upv.es\\\/#website\",\"url\":\"https:\\\/\\\/avantcatedrainteruniversitaria.blogs.upv.es\\\/\",\"name\":\"C\u00e1tedra Interuniversitaria AVANT\",\"description\":\"Direcci\u00f3 General de l&#039;Administraci\u00f3 Local\",\"publisher\":{\"@id\":\"https:\\\/\\\/avantcatedrainteruniversitaria.blogs.upv.es\\\/#organization\"},\"potentialAction\":[{\"@type\":\"SearchAction\",\"target\":{\"@type\":\"EntryPoint\",\"urlTemplate\":\"https:\\\/\\\/avantcatedrainteruniversitaria.blogs.upv.es\\\/?s={search_term_string}\"},\"query-input\":{\"@type\":\"PropertyValueSpecification\",\"valueRequired\":true,\"valueName\":\"search_term_string\"}}],\"inLanguage\":\"es\"},{\"@type\":\"Organization\",\"@id\":\"https:\\\/\\\/avantcatedrainteruniversitaria.blogs.upv.es\\\/#organization\",\"name\":\"C\u00e1tedra Interuniversitaria AVANT\",\"url\":\"https:\\\/\\\/avantcatedrainteruniversitaria.blogs.upv.es\\\/\",\"logo\":{\"@type\":\"ImageObject\",\"inLanguage\":\"es\",\"@id\":\"https:\\\/\\\/avantcatedrainteruniversitaria.blogs.upv.es\\\/#\\\/schema\\\/logo\\\/image\\\/\",\"url\":\"https:\\\/\\\/avantcatedrainteruniversitaria.blogs.upv.es\\\/wp-content\\\/uploads\\\/2026\\\/01\\\/cropped-AVANT-logo-1.png\",\"contentUrl\":\"https:\\\/\\\/avantcatedrainteruniversitaria.blogs.upv.es\\\/wp-content\\\/uploads\\\/2026\\\/01\\\/cropped-AVANT-logo-1.png\",\"width\":512,\"height\":512,\"caption\":\"C\u00e1tedra Interuniversitaria AVANT\"},\"image\":{\"@id\":\"https:\\\/\\\/avantcatedrainteruniversitaria.blogs.upv.es\\\/#\\\/schema\\\/logo\\\/image\\\/\"}}]}<\/script>\n<!-- \/ Yoast SEO plugin. -->","yoast_head_json":{"title":"AVANT en cifras - C\u00e1tedra Interuniversitaria AVANT","robots":{"index":"index","follow":"follow","max-snippet":"max-snippet:-1","max-image-preview":"max-image-preview:large","max-video-preview":"max-video-preview:-1"},"canonical":"https:\/\/avantcatedrainteruniversitaria.blogs.upv.es\/index.php\/avant-en-cifras\/","og_locale":"es_ES","og_type":"article","og_title":"AVANT en cifras - C\u00e1tedra Interuniversitaria AVANT","og_description":"Paneles interactivos","og_url":"https:\/\/avantcatedrainteruniversitaria.blogs.upv.es\/index.php\/avant-en-cifras\/","og_site_name":"C\u00e1tedra Interuniversitaria AVANT","article_modified_time":"2026-02-09T12:58:25+00:00","twitter_card":"summary_large_image","twitter_misc":{"Tiempo de lectura":"1 minuto"},"schema":{"@context":"https:\/\/schema.org","@graph":[{"@type":"WebPage","@id":"https:\/\/avantcatedrainteruniversitaria.blogs.upv.es\/index.php\/avant-en-cifras\/","url":"https:\/\/avantcatedrainteruniversitaria.blogs.upv.es\/index.php\/avant-en-cifras\/","name":"AVANT en cifras - C\u00e1tedra Interuniversitaria AVANT","isPartOf":{"@id":"https:\/\/avantcatedrainteruniversitaria.blogs.upv.es\/#website"},"datePublished":"2026-01-28T20:21:03+00:00","dateModified":"2026-02-09T12:58:25+00:00","breadcrumb":{"@id":"https:\/\/avantcatedrainteruniversitaria.blogs.upv.es\/index.php\/avant-en-cifras\/#breadcrumb"},"inLanguage":"es","potentialAction":[{"@type":"ReadAction","target":["https:\/\/avantcatedrainteruniversitaria.blogs.upv.es\/index.php\/avant-en-cifras\/"]}]},{"@type":"BreadcrumbList","@id":"https:\/\/avantcatedrainteruniversitaria.blogs.upv.es\/index.php\/avant-en-cifras\/#breadcrumb","itemListElement":[{"@type":"ListItem","position":1,"name":"Home","item":"https:\/\/avantcatedrainteruniversitaria.blogs.upv.es\/"},{"@type":"ListItem","position":2,"name":"AVANT en cifras"}]},{"@type":"WebSite","@id":"https:\/\/avantcatedrainteruniversitaria.blogs.upv.es\/#website","url":"https:\/\/avantcatedrainteruniversitaria.blogs.upv.es\/","name":"C\u00e1tedra Interuniversitaria AVANT","description":"Direcci\u00f3 General de l&#039;Administraci\u00f3 Local","publisher":{"@id":"https:\/\/avantcatedrainteruniversitaria.blogs.upv.es\/#organization"},"potentialAction":[{"@type":"SearchAction","target":{"@type":"EntryPoint","urlTemplate":"https:\/\/avantcatedrainteruniversitaria.blogs.upv.es\/?s={search_term_string}"},"query-input":{"@type":"PropertyValueSpecification","valueRequired":true,"valueName":"search_term_string"}}],"inLanguage":"es"},{"@type":"Organization","@id":"https:\/\/avantcatedrainteruniversitaria.blogs.upv.es\/#organization","name":"C\u00e1tedra Interuniversitaria AVANT","url":"https:\/\/avantcatedrainteruniversitaria.blogs.upv.es\/","logo":{"@type":"ImageObject","inLanguage":"es","@id":"https:\/\/avantcatedrainteruniversitaria.blogs.upv.es\/#\/schema\/logo\/image\/","url":"https:\/\/avantcatedrainteruniversitaria.blogs.upv.es\/wp-content\/uploads\/2026\/01\/cropped-AVANT-logo-1.png","contentUrl":"https:\/\/avantcatedrainteruniversitaria.blogs.upv.es\/wp-content\/uploads\/2026\/01\/cropped-AVANT-logo-1.png","width":512,"height":512,"caption":"C\u00e1tedra Interuniversitaria AVANT"},"image":{"@id":"https:\/\/avantcatedrainteruniversitaria.blogs.upv.es\/#\/schema\/logo\/image\/"}}]}},"_links":{"self":[{"href":"https:\/\/avantcatedrainteruniversitaria.blogs.upv.es\/index.php\/wp-json\/wp\/v2\/pages\/896","targetHints":{"allow":["GET"]}}],"collection":[{"href":"https:\/\/avantcatedrainteruniversitaria.blogs.upv.es\/index.php\/wp-json\/wp\/v2\/pages"}],"about":[{"href":"https:\/\/avantcatedrainteruniversitaria.blogs.upv.es\/index.php\/wp-json\/wp\/v2\/types\/page"}],"author":[{"embeddable":true,"href":"https:\/\/avantcatedrainteruniversitaria.blogs.upv.es\/index.php\/wp-json\/wp\/v2\/users\/2"}],"replies":[{"embeddable":true,"href":"https:\/\/avantcatedrainteruniversitaria.blogs.upv.es\/index.php\/wp-json\/wp\/v2\/comments?post=896"}],"version-history":[{"count":15,"href":"https:\/\/avantcatedrainteruniversitaria.blogs.upv.es\/index.php\/wp-json\/wp\/v2\/pages\/896\/revisions"}],"predecessor-version":[{"id":908,"href":"https:\/\/avantcatedrainteruniversitaria.blogs.upv.es\/index.php\/wp-json\/wp\/v2\/pages\/896\/revisions\/908"}],"wp:attachment":[{"href":"https:\/\/avantcatedrainteruniversitaria.blogs.upv.es\/index.php\/wp-json\/wp\/v2\/media?parent=896"}],"curies":[{"name":"wp","href":"https:\/\/api.w.org\/{rel}","templated":true}]}}